{"id":700,"date":"2024-02-12T13:47:34","date_gmt":"2024-02-12T13:47:34","guid":{"rendered":"https:\/\/kressurs.no\/?page_id=700"},"modified":"2025-12-28T17:11:43","modified_gmt":"2025-12-28T16:11:43","slug":"stott-oss-v2","status":"publish","type":"page","link":"https:\/\/kressurs.no\/en\/stott-oss-v2\/","title":{"rendered":"Support us v2"},"content":{"rendered":"<section class=\"bde-section-700-100 bde-section\">\n  \n  \n\t\n\n\n\n<div class=\"section-container\"><h2 class=\"bde-heading-700-101 bde-heading\">\nHow you can support our work\n<\/h2><div class=\"bde-advanced-tabs-700-102 bde-advanced-tabs\">\n\n\n        \n      <select aria-label=\"Content tabs\" class=\"bde-tabs__select js-tab-select\">\n      \n              <option value=\"tab-bde-advanced-tabs-700-102-1\" data-value=\"1\">\n          Become a member\n        <\/option>\n              <option value=\"tab-bde-advanced-tabs-700-102-2\" data-value=\"2\">\n          Fixed donor\n        <\/option>\n              <option value=\"tab-bde-advanced-tabs-700-102-3\" data-value=\"3\">\n          Donate\n        <\/option>\n          <\/select>\n  \n  \n  <div class=\"bde-tabs__tabslist-container bde-tabs__tabslist-container--dropdown is-horizontal js-tabs-container\">\n    <div class=\"bde-tabs__tabslist bde-tabs__tabslist--pills js-tablist\" role=\"tablist\" aria-label=\"Content tabs\" aria-orientation=\"horizontal\" data-tabs-id=\"bde-advanced-tabs-700-102\">\n      \n              <button role=\"tab\" aria-selected=\"false\" class=\"bde-tabs__tab js-tab\" aria-controls=\"tab-panel-bde-advanced-tabs-700-102-1\" id=\"tab-bde-advanced-tabs-700-102-1\" data-value=\"1\">\n                      <span class=\"bde-tabs__tab-icon\"><svg xmlns=\"http:\/\/www.w3.org\/2000\/svg\" viewbox=\"0 0 512 512\"><!-- Font Awesome Free 5.15.1 by @fontawesome - https:\/\/fontawesome.com License - https:\/\/fontawesome.com\/license\/free (Icons: CC BY 4.0, Fonts: SIL OFL 1.1, Code: MIT License) --><path d=\"M256 32C114.6 32 0 125.1 0 240c0 49.6 21.4 95 57 130.7C44.5 421.1 2.7 466 2.2 466.5c-2.2 2.3-2.8 5.7-1.5 8.7 1.3 3 4.1 4.8 7.3 4.8 66.3 0 116-31.8 140.6-51.4 32.7 12.3 69 19.4 107.4 19.4 141.4 0 256-93.1 256-208S397.4 32 256 32zM128.2 304H116c-4.4 0-8-3.6-8-8v-16c0-4.4 3.6-8 8-8h12.3c6 0 10.4-3.5 10.4-6.6 0-1.3-.8-2.7-2.1-3.8l-21.9-18.8c-8.5-7.2-13.3-17.5-13.3-28.1 0-21.3 19-38.6 42.4-38.6H156c4.4 0 8 3.6 8 8v16c0 4.4-3.6 8-8 8h-12.3c-6 0-10.4 3.5-10.4 6.6 0 1.3.8 2.7 2.1 3.8l21.9 18.8c8.5 7.2 13.3 17.5 13.3 28.1.1 21.3-19 38.6-42.4 38.6zm191.8-8c0 4.4-3.6 8-8 8h-16c-4.4 0-8-3.6-8-8v-68.2l-24.8 55.8c-2.9 5.9-11.4 5.9-14.3 0L224 227.8V296c0 4.4-3.6 8-8 8h-16c-4.4 0-8-3.6-8-8V192c0-8.8 7.2-16 16-16h16c6.1 0 11.6 3.4 14.3 8.8l17.7 35.4 17.7-35.4c2.7-5.4 8.3-8.8 14.3-8.8h16c8.8 0 16 7.2 16 16v104zm48.3 8H356c-4.4 0-8-3.6-8-8v-16c0-4.4 3.6-8 8-8h12.3c6 0 10.4-3.5 10.4-6.6 0-1.3-.8-2.7-2.1-3.8l-21.9-18.8c-8.5-7.2-13.3-17.5-13.3-28.1 0-21.3 19-38.6 42.4-38.6H396c4.4 0 8 3.6 8 8v16c0 4.4-3.6 8-8 8h-12.3c-6 0-10.4 3.5-10.4 6.6 0 1.3.8 2.7 2.1 3.8l21.9 18.8c8.5 7.2 13.3 17.5 13.3 28.1.1 21.3-18.9 38.6-42.3 38.6z\"\/><\/svg><\/span>\n                    <span class=\"bde-tabs__tab-title\">Become a member<\/span>\n        <\/button>\n              <button role=\"tab\" aria-selected=\"false\" class=\"bde-tabs__tab js-tab\" aria-controls=\"tab-panel-bde-advanced-tabs-700-102-2\" id=\"tab-bde-advanced-tabs-700-102-2\" data-value=\"2\">\n                      <span class=\"bde-tabs__tab-icon\"><svg xmlns=\"http:\/\/www.w3.org\/2000\/svg\" viewbox=\"0 0 640 512\"><!-- Font Awesome Free 5.15.1 by @fontawesome - https:\/\/fontawesome.com License - https:\/\/fontawesome.com\/license\/free (Icons: CC BY 4.0, Fonts: SIL OFL 1.1, Code: MIT License) --><path d=\"M434.7 64h-85.9c-8 0-15.7 3-21.6 8.4l-98.3 90c-.1.1-.2.3-.3.4-16.6 15.6-16.3 40.5-2.1 56 12.7 13.9 39.4 17.6 56.1 2.7.1-.1.3-.1.4-.2l79.9-73.2c6.5-5.9 16.7-5.5 22.6 1 6 6.5 5.5 16.6-1 22.6l-26.1 23.9L504 313.8c2.9 2.4 5.5 5 7.9 7.7V128l-54.6-54.6c-5.9-6-14.1-9.4-22.6-9.4zM544 128.2v223.9c0 17.7 14.3 32 32 32h64V128.2h-96zm48 223.9c-8.8 0-16-7.2-16-16s7.2-16 16-16 16 7.2 16 16-7.2 16-16 16zM0 384h64c17.7 0 32-14.3 32-32V128.2H0V384zm48-63.9c8.8 0 16 7.2 16 16s-7.2 16-16 16-16-7.2-16-16c0-8.9 7.2-16 16-16zm435.9 18.6L334.6 217.5l-30 27.5c-29.7 27.1-75.2 24.5-101.7-4.4-26.9-29.4-24.8-74.9 4.4-101.7L289.1 64h-83.8c-8.5 0-16.6 3.4-22.6 9.4L128 128v223.9h18.3l90.5 81.9c27.4 22.3 67.7 18.1 90-9.3l.2-.2 17.9 15.5c15.9 13 39.4 10.5 52.3-5.4l31.4-38.6 5.4 4.4c13.7 11.1 33.9 9.1 45-4.7l9.5-11.7c11.2-13.8 9.1-33.9-4.6-45.1z\"\/><\/svg><\/span>\n                    <span class=\"bde-tabs__tab-title\">Fixed donor<\/span>\n        <\/button>\n              <button role=\"tab\" aria-selected=\"false\" class=\"bde-tabs__tab js-tab\" aria-controls=\"tab-panel-bde-advanced-tabs-700-102-3\" id=\"tab-bde-advanced-tabs-700-102-3\" data-value=\"3\">\n                      <span class=\"bde-tabs__tab-icon\"><svg xmlns=\"http:\/\/www.w3.org\/2000\/svg\" viewbox=\"0 0 512 512\"><!-- Font Awesome Free 5.15.1 by @fontawesome - https:\/\/fontawesome.com License - https:\/\/fontawesome.com\/license\/free (Icons: CC BY 4.0, Fonts: SIL OFL 1.1, Code: MIT License) --><path d=\"M256 416c114.9 0 208-93.1 208-208S370.9 0 256 0 48 93.1 48 208s93.1 208 208 208zM233.8 97.4V80.6c0-9.2 7.4-16.6 16.6-16.6h11.1c9.2 0 16.6 7.4 16.6 16.6v17c15.5.8 30.5 6.1 43 15.4 5.6 4.1 6.2 12.3 1.2 17.1L306 145.6c-3.8 3.7-9.5 3.8-14 1-5.4-3.4-11.4-5.1-17.8-5.1h-38.9c-9 0-16.3 8.2-16.3 18.3 0 8.2 5 15.5 12.1 17.6l62.3 18.7c25.7 7.7 43.7 32.4 43.7 60.1 0 34-26.4 61.5-59.1 62.4v16.8c0 9.2-7.4 16.6-16.6 16.6h-11.1c-9.2 0-16.6-7.4-16.6-16.6v-17c-15.5-.8-30.5-6.1-43-15.4-5.6-4.1-6.2-12.3-1.2-17.1l16.3-15.5c3.8-3.7 9.5-3.8 14-1 5.4 3.4 11.4 5.1 17.8 5.1h38.9c9 0 16.3-8.2 16.3-18.3 0-8.2-5-15.5-12.1-17.6l-62.3-18.7c-25.7-7.7-43.7-32.4-43.7-60.1.1-34 26.4-61.5 59.1-62.4zM480 352h-32.5c-19.6 26-44.6 47.7-73 64h63.8c5.3 0 9.6 3.6 9.6 8v16c0 4.4-4.3 8-9.6 8H73.6c-5.3 0-9.6-3.6-9.6-8v-16c0-4.4 4.3-8 9.6-8h63.8c-28.4-16.3-53.3-38-73-64H32c-17.7 0-32 14.3-32 32v96c0 17.7 14.3 32 32 32h448c17.7 0 32-14.3 32-32v-96c0-17.7-14.3-32-32-32z\"\/><\/svg><\/span>\n                    <span class=\"bde-tabs__tab-title\">Donate<\/span>\n        <\/button>\n          <\/div>\n  <\/div>\n\n<div class=\"bde-tabs-content-container\">\n  <div id=\"bli-medlem\" class=\"bde-advanced-tabs-content-700-108 bde-advanced-tabs-content\"><div tabindex=\"0\" role=\"tabpanel\" class=\"bde-tabs__panel js-panel\" id=\"\" aria-labelledby=\"\">\r\n  <div class=\"bde-tabs__panel-content\">\r\n    <h1 class=\"bde-heading-700-109 bde-heading\">\nBecome a member\n<\/h1><div class=\"bde-text-700-110 bde-text\">\nSupport our cause by becoming a member via SMS! Your generosity makes a difference!\n<\/div><div class=\"bde-rich-text-700-111 bde-rich-text breakdance-rich-text-styles\">\n<p>How to do it: Let&#039;s say you <i>want to become a member and support us with<\/i>\u00a0NOK 500 per month. You then send an SMS with the text &quot;\"<strong><span style=\"color: #cbae49;\">KRS500<\/span><\/strong>\"&quot; to phone number <strong><span style=\"color: #cbae49;\">2003<\/span><\/strong><\/p>\n<p>\u00a0<\/p>\n<\/div><div class=\"bde-content-toggle-700-112 bde-content-toggle\">\n<div class=\"bde-content-toggle__switcher\">\n  <span class=\"bde-content-toggle__text js-content-toggle-label\">Monthly Membership<\/span>\n <label class=\"bde-content-toggle__switch\">\n  <input type=\"checkbox\" class=\"js-content-toggle-checkbox bde-content-toggle__checkbox\" \/>\n  <span class=\"bde-content-toggle__slider\"><\/span>\n <\/label>\n  <span class=\"bde-content-toggle__text js-content-toggle-label\">Annual Membership<\/span>\n<\/div>\n<div class=\"bde-content-toggle-content-700-113 bde-content-toggle-content\"><div class=\"bde-columns-700-114 bde-columns\"><div class=\"bde-column-700-115 bde-column\">\n  \n  \n\t\n\n\n\n<div class=\"bde-rich-text-700-116 bde-rich-text breakdance-rich-text-styles\">\n<h1>SEND <span style=\"color: #cbae49;\">SMS<\/span><br \/>KRS100<br \/>TO <span style=\"color: #cbae49;\">2003<\/span><\/h1>\n<\/div><div class=\"bde-rich-text-700-117 bde-rich-text breakdance-rich-text-styles\">\n<p><strong>Pay NOK 100,- for monthly membership<\/strong>\u00a0in Christian Resource Center\u00a0<\/p>\n<\/div>\n<\/div><div class=\"bde-column-700-118 bde-column\">\n  \n  \n\t\n\n\n\n<div class=\"bde-rich-text-700-119 bde-rich-text breakdance-rich-text-styles\">\n<h1>SEND <span style=\"color: #cbae49;\">SMS<\/span><br \/>KRS500<br \/>TO <span style=\"color: #cbae49;\">2003<\/span><\/h1>\n<\/div><div class=\"bde-rich-text-700-120 bde-rich-text breakdance-rich-text-styles\">\n<p><strong>Pay NOK 500,- for monthly membership<\/strong>\u00a0in Christian Resource Center\u00a0<\/p>\n<\/div>\n<\/div><div class=\"bde-column-700-121 bde-column\">\n  \n  \n\t\n\n\n\n<div class=\"bde-rich-text-700-122 bde-rich-text breakdance-rich-text-styles\">\n<h1>SEND <span style=\"color: #cbae49;\">SMS<\/span><br \/>KRS1000<br \/>TO <span style=\"color: #cbae49;\">2003<\/span><\/h1>\n<\/div><div class=\"bde-rich-text-700-123 bde-rich-text breakdance-rich-text-styles\">\n<p><strong>Pay NOK 1000 for monthly membership<\/strong>\u00a0in Christian Resource Center\u00a0<\/p>\n<\/div>\n<\/div><\/div><\/div><div class=\"bde-content-toggle-content-700-124 bde-content-toggle-content\"><div class=\"bde-div-700-125 bde-div\">\n  \n  \n\t\n\n\n\n<div class=\"bde-columns-700-126 bde-columns\"><div class=\"bde-column-700-127 bde-column\">\n  \n  \n\t\n\n\n\n<div class=\"bde-rich-text-700-128 bde-rich-text breakdance-rich-text-styles\">\n<h1>SEND <span style=\"color: #cbae49;\">SMS<\/span><br \/>KRS250<br \/>TO <span style=\"color: #cbae49;\">2003<\/span><\/h1>\n<\/div><div class=\"bde-rich-text-700-129 bde-rich-text breakdance-rich-text-styles\">\n<p><strong>Pay NOK 250 for annual membership<\/strong>\u00a0in Christian Resource Center\u00a0<\/p>\n<\/div>\n<\/div><div class=\"bde-column-700-130 bde-column\">\n  \n  \n\t\n\n\n\n<div class=\"bde-rich-text-700-131 bde-rich-text breakdance-rich-text-styles\">\n<h1>SEND <span style=\"color: #cbae49;\">SMS<\/span><br \/>CROSSING<br \/>TO <span style=\"color: #cbae49;\">2003<\/span><\/h1>\n<\/div><div class=\"bde-rich-text-700-132 bde-rich-text breakdance-rich-text-styles\">\n<p><strong>Pay NOK 150 for annual membership<\/strong>\u00a0in Christian Resource Center\u00a0<\/p>\n<\/div>\n<\/div><\/div>\n<\/div><\/div><div class=\"bde-content-toggle-content-700-133 bde-content-toggle-content\"><\/div><div class=\"bde-content-toggle-content-700-134 bde-content-toggle-content\"><\/div><div class=\"bde-content-toggle-content-700-135 bde-content-toggle-content\"><\/div>\n<\/div>\r\n  <\/div>\r\n<\/div>\r\n<\/div><div id=\"bli_medlem\" class=\"bde-advanced-tabs-content-700-103 bde-advanced-tabs-content\"><div tabindex=\"0\" role=\"tabpanel\" class=\"bde-tabs__panel js-panel\" id=\"\" aria-labelledby=\"\">\r\n  <div class=\"bde-tabs__panel-content\">\r\n    <h1 class=\"bde-heading-700-104 bde-heading\">\nBecome a permanent support partner<br>\n<\/h1><div class=\"bde-rich-text-700-105 bde-rich-text breakdance-rich-text-styles\">\n<h4>You can become an important support partner at your desired interval; monthly or annually by direct debit, or VIPPS.<\/h4>\n<\/div><div class=\"bde-button-700-106 bde-button\">\n        \n    \n    \n    \n    \n            \n                    \n            \n            \n\n    \n    \n    \n    \n    \n    <a class=\"breakdance-link button-atom button-atom--primary bde-button__button\" href=\"https:\/\/www4.solidus.no\/SolidusUser\/placeorder\/B5EDDC4C-016D-4FBE-87EC-3B634098597E\" target=\"_blank\" data-type=\"url\"  >\n\n    \n        <span class=\"button-atom__text\">Click here<\/span>\n\n        \n        \n                <\/a>\n\n    \n\n\n<\/div><div class=\"bde-rich-text-700-107 bde-rich-text breakdance-rich-text-styles\">\n<p>The service is provided by <a href=\"http:\/\/Solidus.no\">Solidus.no<\/a> and is a safe and effective way to support us.<\/p>\n<\/div>\r\n  <\/div>\r\n<\/div>\r\n<\/div><div class=\"bde-advanced-tabs-content-700-136 bde-advanced-tabs-content\"><div tabindex=\"0\" role=\"tabpanel\" class=\"bde-tabs__panel js-panel\" id=\"\" aria-labelledby=\"\">\r\n  <div class=\"bde-tabs__panel-content\">\r\n    <div class=\"bde-columns-700-137 bde-columns\"><div class=\"bde-column-700-138 bde-column\">\n  \n  \n\t\n\n\n\n<h1 class=\"bde-heading-700-139 bde-heading\">\nGive with Vipps\n<\/h1><div class=\"bde-rich-text-700-140 bde-rich-text breakdance-rich-text-styles\">\n<h4>Optional amount for VIPPS: <span style=\"color: #cbae49;\">744055<\/span><\/h4>\n<\/div><div class=\"bde-image-700-141 bde-image\">\n<figure class=\"breakdance-image breakdance-image--313\">\n\t<div class=\"breakdance-image-container\">\n\t\t<div class=\"breakdance-image-clip\"><img decoding=\"async\" class=\"breakdance-image-object lazyload\" data-src=\"https:\/\/kressurs.no\/wp-content\/uploads\/2024\/01\/vipps-1-140_clipped_rev_1.png\" width=\"138\" height=\"119\" data-sizes=\"(max-width: 138px) 100vw, 138px\" src=\"data:image\/svg+xml;base64,PHN2ZyB3aWR0aD0iMSIgaGVpZ2h0PSIxIiB4bWxucz0iaHR0cDovL3d3dy53My5vcmcvMjAwMC9zdmciPjwvc3ZnPg==\" style=\"--smush-placeholder-width: 138px; --smush-placeholder-aspect-ratio: 138\/119;\"><\/div>\n\t<\/div><\/figure>\n\n<\/div>\n<\/div><div class=\"bde-column-700-142 bde-column\">\n  \n  \n\t\n\n\n\n<h1 class=\"bde-heading-700-143 bde-heading\">\nGive to account\n<\/h1><div class=\"bde-rich-text-700-144 bde-rich-text breakdance-rich-text-styles\">\n<h4>account number <span style=\"color: #c2a43b;\">2480.36.86803<\/span><\/h4>\n<\/div>\n<\/div><\/div>\r\n  <\/div>\r\n<\/div>\r\n<\/div><div class=\"bde-advanced-tabs-content-700-145 bde-advanced-tabs-content\"><div tabindex=\"0\" role=\"tabpanel\" class=\"bde-tabs__panel js-panel\" id=\"\" aria-labelledby=\"\">\r\n  <div class=\"bde-tabs__panel-content\">\r\n    <h3 class=\"bde-heading-700-146 bde-heading\">\nTab Content\n<\/h3><div class=\"bde-text-700-147 bde-text\">\nThis is a basic text element.\n<\/div>\r\n  <\/div>\r\n<\/div>\r\n<\/div><div class=\"bde-advanced-tabs-content-700-157 bde-advanced-tabs-content\"><div tabindex=\"0\" role=\"tabpanel\" class=\"bde-tabs__panel js-panel\" id=\"\" aria-labelledby=\"\">\r\n  <div class=\"bde-tabs__panel-content\">\r\n    <h3 class=\"bde-heading-700-158 bde-heading\">\nTab Content\n<\/h3><div class=\"bde-text-700-159 bde-text\">\nThis is a basic text element.\n<\/div>\r\n  <\/div>\r\n<\/div>\r\n<\/div><div class=\"bde-advanced-tabs-content-700-160 bde-advanced-tabs-content\"><div tabindex=\"0\" role=\"tabpanel\" class=\"bde-tabs__panel js-panel\" id=\"\" aria-labelledby=\"\">\r\n  <div class=\"bde-tabs__panel-content\">\r\n    <h3 class=\"bde-heading-700-161 bde-heading\">\nTab Content\n<\/h3><div class=\"bde-text-700-162 bde-text\">\nThis is a basic text element.\n<\/div>\r\n  <\/div>\r\n<\/div>\r\n<\/div>\n<\/div>\n\n\n<\/div><\/div>\n<\/section><section class=\"bde-section-700-148 bde-section\">\n  \n  \n\t\n\n\n\n<div class=\"section-container\"><div class=\"bde-image-box-700-149 bde-image-box bde-image-box-content-padding-only\">\n<div class=\"ee-imagebox-image\">\n  <img decoding=\"async\" class=\"breakdance-image-object lazyload\" data-src=\"https:\/\/kressurs.no\/wp-content\/uploads\/2024\/06\/Hender-scaled.jpg\" width=\"2560\" height=\"1707\" data-srcset=\"https:\/\/kressurs.no\/wp-content\/uploads\/2024\/06\/Hender-scaled.jpg 2560w, https:\/\/kressurs.no\/wp-content\/uploads\/2024\/06\/Hender-300x200.jpg 300w, https:\/\/kressurs.no\/wp-content\/uploads\/2024\/06\/Hender-1024x683.jpg 1024w, https:\/\/kressurs.no\/wp-content\/uploads\/2024\/06\/Hender-768x512.jpg 768w, https:\/\/kressurs.no\/wp-content\/uploads\/2024\/06\/Hender-1536x1024.jpg 1536w, https:\/\/kressurs.no\/wp-content\/uploads\/2024\/06\/Hender-2048x1366.jpg 2048w, https:\/\/kressurs.no\/wp-content\/uploads\/2024\/06\/Hender-1320x880.jpg 1320w, https:\/\/kressurs.no\/wp-content\/uploads\/2024\/06\/Hender-600x400.jpg 600w\" data-sizes=\"(max-width: 2560px) 100vw, 2560px\" src=\"data:image\/svg+xml;base64,PHN2ZyB3aWR0aD0iMSIgaGVpZ2h0PSIxIiB4bWxucz0iaHR0cDovL3d3dy53My5vcmcvMjAwMC9zdmciPjwvc3ZnPg==\" style=\"--smush-placeholder-width: 2560px; --smush-placeholder-aspect-ratio: 2560\/1707;\">\n<\/div>\n<div class=\"ee-imagebox-content\">\n      <p class=\"ee-imagebox-title bde-h3\" >Your support is helpful and gives hope.<\/p>\n    \n      <div class=\"ee-imagebox-text\" >With your help, our capacity to directly support people and projects that can and will contribute to strengthening the family and putting the best interests of children first increases. Our resources contribute in various ways from digital content production, information materials, film and photography, dissemination on social media platforms, reader posts, giving lectures and teaching. All support goes to projects and freeing up resource persons in KRS. <br>Thank you very much!<\/div>\n    \n  <\/div>\n\n<\/div><\/div>\n<\/section>","protected":false},"excerpt":{"rendered":"<p>Slik kan du st\u00f8tte v\u00e5rt arbeid Bli medlem Fast giver Doner Bli medlem Fast giver Doner Bli medlem St\u00f8tt v\u00e5rt form\u00e5l ved \u00e5 bli medlem via SMS! Din sjener\u00f8sitet gj\u00f8r en forskjell! Slik gj\u00f8r du det: La oss si du \u00f8nsker \u00e5 bli medlem og st\u00f8tte oss med\u00a0500 kroner per m\u00e5ned. Du sender da en [&hellip;]<\/p>\n","protected":false},"author":1,"featured_media":0,"parent":0,"menu_order":0,"comment_status":"closed","ping_status":"closed","template":"","meta":{"_breakdance_hide_in_design_set":false,"_breakdance_tags":"","footnotes":""},"class_list":["post-700","page","type-page","status-publish","hentry"],"_links":{"self":[{"href":"https:\/\/kressurs.no\/en\/wp-json\/wp\/v2\/pages\/700","targetHints":{"allow":["GET"]}}],"collection":[{"href":"https:\/\/kressurs.no\/en\/wp-json\/wp\/v2\/pages"}],"about":[{"href":"https:\/\/kressurs.no\/en\/wp-json\/wp\/v2\/types\/page"}],"author":[{"embeddable":true,"href":"https:\/\/kressurs.no\/en\/wp-json\/wp\/v2\/users\/1"}],"replies":[{"embeddable":true,"href":"https:\/\/kressurs.no\/en\/wp-json\/wp\/v2\/comments?post=700"}],"version-history":[{"count":0,"href":"https:\/\/kressurs.no\/en\/wp-json\/wp\/v2\/pages\/700\/revisions"}],"wp:attachment":[{"href":"https:\/\/kressurs.no\/en\/wp-json\/wp\/v2\/media?parent=700"}],"curies":[{"name":"wp","href":"https:\/\/api.w.org\/{rel}","templated":true}]}}