{"id":5148,"date":"2024-09-06T11:22:23","date_gmt":"2024-09-06T09:22:23","guid":{"rendered":"https:\/\/kressurs.no\/?page_id=5148"},"modified":"2024-09-06T11:33:22","modified_gmt":"2024-09-06T09:33:22","slug":"aktiv","status":"publish","type":"page","link":"https:\/\/kressurs.no\/en\/aktiv\/","title":{"rendered":"Active"},"content":{"rendered":"<section class=\"bde-section-5148-100 bde-section\">\n  \n  \n\t\n\n\n\n<div class=\"section-container\"><h1 class=\"bde-heading-5148-101 bde-heading\">\nActive\n<\/h1><div class=\"bde-rich-text-5148-102 bde-rich-text breakdance-rich-text-styles\">\n<p>Are you an active participant in the social debate around family, gender and sexuality? Or are you a representative of your organization that is responsible for these topics in your organization?<br \/><br \/>Then this program is for you!<br \/><br \/>In Kristent Ressurssenter&#039;s Aktiv program, you will have the opportunity for a mentorship where our resource persons give you first-hand feedback on reader contributions, articles and other material; they help you prepare for debates and speeches; and you will receive resources and follow-up that are otherwise not available.<br \/><br \/>We want to equip those on the front lines in the media and in local communities to be solid pillars in the fight for truth and democracy.<br \/><br \/>The Aktiv program will be available during fall\/winter 2024.<\/p>\n<\/div><div class=\"bde-columns-5148-103 bde-columns\"><div class=\"bde-column-5148-104 bde-column\">\n  \n  \n\t\n\n\n\n\n<\/div><div class=\"bde-column-5148-105 bde-column\">\n  \n  \n\t\n\n\n\n<h1 class=\"bde-heading-5148-107 bde-heading\">\nActive is under development\n<\/h1><div class=\"bde-rich-text-5148-108 bde-rich-text breakdance-rich-text-styles\">\n<p>Sign up for our newsletter and receive an invitation <br \/>directly to your inbox.<\/p>\n<\/div><div class=\"bde-button-5148-109 bde-button\">\n        \n    \n    \n    \n    \n            \n                    \n            \n                           \n                       \n                 \n\n    \n    \n    \n                    \n    \n    <a class=\"breakdance-link button-atom button-atom--primary bde-button__button\" href=\"#\" target=\"_self\" data-type=\"action\"  data-action='{\"type\":\"popup\",\"popupOptions\":{\"popupId\":\"482\",\"popupAction\":\"open\"}}' >\n\n    \n        <span class=\"button-atom__text\">Newsletter<\/span>\n\n        \n        \n                <\/a>\n\n    \n\n\n<\/div>\n<\/div><div class=\"bde-column-5148-106 bde-column\">\n  \n  \n\t\n\n\n\n\n<\/div><\/div><\/div>\n<\/section>","protected":false},"excerpt":{"rendered":"<p>Aktiv Er du en aktiv deltaker i samfunnsdebatten rundt familie, kj\u00f8nn og seksualitet? Eller er du en representant for din organisasjon som har ansvaret for disse temaene hos dere?Da er dette programmet for deg!I Kristent Ressurssenter sitt Aktiv-program vil du f\u00e5 muligheten til et mentorskap hvor v\u00e5re ressurspersoner gir deg f\u00f8rsteh\u00e5nds tilbakemelding p\u00e5 leserinnlegg, artikler [&hellip;]<\/p>\n","protected":false},"author":1,"featured_media":0,"parent":0,"menu_order":0,"comment_status":"closed","ping_status":"closed","template":"","meta":{"_breakdance_hide_in_design_set":false,"_breakdance_tags":"","footnotes":""},"class_list":["post-5148","page","type-page","status-publish","hentry"],"_links":{"self":[{"href":"https:\/\/kressurs.no\/en\/wp-json\/wp\/v2\/pages\/5148","targetHints":{"allow":["GET"]}}],"collection":[{"href":"https:\/\/kressurs.no\/en\/wp-json\/wp\/v2\/pages"}],"about":[{"href":"https:\/\/kressurs.no\/en\/wp-json\/wp\/v2\/types\/page"}],"author":[{"embeddable":true,"href":"https:\/\/kressurs.no\/en\/wp-json\/wp\/v2\/users\/1"}],"replies":[{"embeddable":true,"href":"https:\/\/kressurs.no\/en\/wp-json\/wp\/v2\/comments?post=5148"}],"version-history":[{"count":0,"href":"https:\/\/kressurs.no\/en\/wp-json\/wp\/v2\/pages\/5148\/revisions"}],"wp:attachment":[{"href":"https:\/\/kressurs.no\/en\/wp-json\/wp\/v2\/media?parent=5148"}],"curies":[{"name":"wp","href":"https:\/\/api.w.org\/{rel}","templated":true}]}}