{"id":5115,"date":"2024-09-05T13:49:31","date_gmt":"2024-09-05T11:49:31","guid":{"rendered":"https:\/\/kressurs.no\/?page_id=5115"},"modified":"2025-09-05T10:22:57","modified_gmt":"2025-09-05T08:22:57","slug":"medlemsskap","status":"publish","type":"page","link":"https:\/\/kressurs.no\/en\/medlemsskap\/","title":{"rendered":"Medlemsskap"},"content":{"rendered":"<section class=\"bde-section-5115-100 bde-section\">\n  \n  \n\t\n\n\n\n<div class=\"section-container\"><h1 class=\"bde-heading-5115-104 bde-heading\">\nMembership\n<\/h1><div class=\"bde-rich-text-5115-105 bde-rich-text breakdance-rich-text-styles\">\n<p>Today we see a strong need for equipment \u2013 not only in churches and organizations, but also in the home, at school and in the workplace.<\/p>\n<p data-start=\"279\" data-end=\"528\">Maybe you are a parent who is concerned about the queer influence in schools and daycare centers. Maybe you are reacting to the sex education provided by the public sector. Or you experience that your workplace is characterized by a culture that is demanding to be part of.<\/p>\n<p data-start=\"279\" data-end=\"528\">We address topics such as the importance of family, gender ideology, relationships, sexuality, marriage \u2013 and how we can talk to children about these issues.<\/p>\n<p data-start=\"530\" data-end=\"852\">As a member, you gain insight into important issues and practical tools that enable you to meet the challenges of everyday life. We provide guidance for dialogue with school and workplace, and we offer examples and templates that you can use in specific situations.<\/p>\n<p data-start=\"1009\" data-end=\"1208\">In addition, you get access to webinars throughout the year, practical materials and discounts on products.<\/p>\n<p data-start=\"1009\" data-end=\"1208\">Member content is constantly being expanded, giving you new resources to help you make a difference.<\/p>\n<p>\u00a0<\/p>\n<p>\u00a0<\/p>\n<p>\u00a0<\/p>\n<p>\u00a0<\/p>\n<p>\u00a0<\/p>\n<\/div><\/div>\n<\/section><section class=\"bde-section-5115-106 bde-section\">\n  \n  \n\t\n\n\n\n<div class=\"section-container\"><div class=\"bde-columns-5115-107 bde-columns\"><div class=\"bde-column-5115-108 bde-column\">\n  \n  \n\t\n\n\n\n\n<\/div><div class=\"bde-column-5115-109 bde-column\">\n  \n  \n\t\n\n\n\n<h1 class=\"bde-heading-5115-112 bde-heading\">\nSign up now!\n<\/h1><div class=\"bde-button-5115-113 bde-button\">\n        \n    \n    \n    \n    \n            \n                    \n            \n            \n\n    \n    \n    \n    \n    \n    <a class=\"breakdance-link button-atom button-atom--custom bde-button__button\" href=\"https:\/\/www4.solidus.no\/SolidusUser\/placeorder\/B5EDDC4C-016D-4FBE-87EC-3B634098597E\" target=\"_blank\" data-type=\"url\"  >\n\n    \n        <span class=\"button-atom__text\">Become a member<\/span>\n\n        \n        \n                <\/a>\n\n    \n\n\n<\/div>\n<\/div><div class=\"bde-column-5115-110 bde-column\">\n  \n  \n\t\n\n\n\n\n<\/div><\/div><\/div>\n<\/section><section class=\"bde-section-5115-114 bde-section\">\n  \n  \n\t\n\n\n\n<div class=\"section-container\"><div class=\"bde-columns-5115-115 bde-columns\"><div class=\"bde-column-5115-117 bde-column\">\n  \n  \n\t\n\n\n\n\n<\/div><div class=\"bde-column-5115-122 bde-column\">\n  \n  \n\t\n\n\n\n<div class=\"bde-rich-text-5115-123 bde-rich-text breakdance-rich-text-styles\">\n<p><br \/>Sign up for our newsletter and receive an invitation directly to your inbox.<\/p>\n<p>\u00a0<\/p>\n<\/div>\n<\/div><div class=\"bde-column-5115-121 bde-column\">\n  \n  \n\t\n\n\n\n<div class=\"bde-button-5115-120 bde-button\">\n        \n    \n    \n    \n    \n            \n                    \n            \n                           \n                       \n                 \n\n    \n    \n    \n                    \n    \n    <a class=\"breakdance-link button-atom button-atom--custom bde-button__button\" href=\"#\" target=\"_blank\" data-type=\"action\"  data-action='{\"type\":\"popup\",\"popupOptions\":{\"popupId\":\"482\",\"popupAction\":\"open\"}}' >\n\n    \n        <span class=\"button-atom__text\">Newsletter<\/span>\n\n        \n        \n                <\/a>\n\n    \n\n\n<\/div>\n<\/div><div class=\"bde-column-5115-131 bde-column\">\n  \n  \n\t\n\n\n\n\n<\/div><\/div><\/div>\n<\/section>","protected":false},"excerpt":{"rendered":"<p>Medlemskap I dag ser vi et sterkt behov for utrustning \u2013 ikke bare i menighet og organisasjoner, men ogs\u00e5 i hjemmet, p\u00e5 skolen og p\u00e5 arbeidsplassen. Kanskje er du en forelder som er urolig for den skeive p\u00e5virkningen i skole og barnehage. Kanskje reagerer du p\u00e5 seksualundervisningen som gis fra det offentlige. Eller du opplever [&hellip;]<\/p>\n","protected":false},"author":1,"featured_media":0,"parent":0,"menu_order":0,"comment_status":"closed","ping_status":"closed","template":"","meta":{"_breakdance_hide_in_design_set":false,"_breakdance_tags":"","footnotes":""},"class_list":["post-5115","page","type-page","status-publish","hentry"],"_links":{"self":[{"href":"https:\/\/kressurs.no\/en\/wp-json\/wp\/v2\/pages\/5115","targetHints":{"allow":["GET"]}}],"collection":[{"href":"https:\/\/kressurs.no\/en\/wp-json\/wp\/v2\/pages"}],"about":[{"href":"https:\/\/kressurs.no\/en\/wp-json\/wp\/v2\/types\/page"}],"author":[{"embeddable":true,"href":"https:\/\/kressurs.no\/en\/wp-json\/wp\/v2\/users\/1"}],"replies":[{"embeddable":true,"href":"https:\/\/kressurs.no\/en\/wp-json\/wp\/v2\/comments?post=5115"}],"version-history":[{"count":0,"href":"https:\/\/kressurs.no\/en\/wp-json\/wp\/v2\/pages\/5115\/revisions"}],"wp:attachment":[{"href":"https:\/\/kressurs.no\/en\/wp-json\/wp\/v2\/media?parent=5115"}],"curies":[{"name":"wp","href":"https:\/\/api.w.org\/{rel}","templated":true}]}}