{"id":446,"date":"2024-02-05T08:21:06","date_gmt":"2024-02-05T08:21:06","guid":{"rendered":"https:\/\/kressurs.no\/?page_id=446"},"modified":"2026-04-14T15:40:11","modified_gmt":"2026-04-14T13:40:11","slug":"ressurser","status":"publish","type":"page","link":"https:\/\/kressurs.no\/en\/ressurser\/","title":{"rendered":"Resources"},"content":{"rendered":"<section class=\"bde-section-446-100 bde-section\">\n  \n  \n\t\n\n\n\n<div class=\"section-container\"><div class=\"bde-columns-446-101 bde-columns\"><div class=\"bde-column-446-102 bde-column\">\n  \n  \n\t\n\n\n\n<div class=\"bde-image-446-104 bde-image\">\n<figure class=\"breakdance-image breakdance-image--456\">\n\t<div class=\"breakdance-image-container\">\n\t\t<div class=\"breakdance-image-clip\"><img decoding=\"async\" class=\"breakdance-image-object lazyload\" data-src=\"https:\/\/kressurs.no\/wp-content\/uploads\/2024\/02\/Kan-ny-laere-om-kjonn-flagges-som-indoktrinering-Facebook-innlegg-Liggende-2.webp\" width=\"1200\" height=\"630\" data-srcset=\"https:\/\/kressurs.no\/wp-content\/uploads\/2024\/02\/Kan-ny-laere-om-kjonn-flagges-som-indoktrinering-Facebook-innlegg-Liggende-2.webp 1200w, https:\/\/kressurs.no\/wp-content\/uploads\/2024\/02\/Kan-ny-laere-om-kjonn-flagges-som-indoktrinering-Facebook-innlegg-Liggende-2-300x158.webp 300w, https:\/\/kressurs.no\/wp-content\/uploads\/2024\/02\/Kan-ny-laere-om-kjonn-flagges-som-indoktrinering-Facebook-innlegg-Liggende-2-1024x538.webp 1024w, https:\/\/kressurs.no\/wp-content\/uploads\/2024\/02\/Kan-ny-laere-om-kjonn-flagges-som-indoktrinering-Facebook-innlegg-Liggende-2-768x403.webp 768w\" data-sizes=\"(max-width: 1200px) 100vw, 1200px\" src=\"data:image\/svg+xml;base64,PHN2ZyB3aWR0aD0iMSIgaGVpZ2h0PSIxIiB4bWxucz0iaHR0cDovL3d3dy53My5vcmcvMjAwMC9zdmciPjwvc3ZnPg==\" style=\"--smush-placeholder-width: 1200px; --smush-placeholder-aspect-ratio: 1200\/630;\"><\/div>\n\t<\/div><\/figure>\n\n<\/div><h1 class=\"bde-heading-446-105 bde-heading\">\nSkeivteori.no\n<\/h1><div class=\"bde-text-446-106 bde-text\">\nWe have exposed queer theory in textbooks and we have shown that all publishers may be violating the Education Act.\n<\/div><div class=\"bde-button-446-107 bde-button\">\n        \n    \n    \n    \n    \n            \n                    \n            \n            \n\n    \n    \n    \n    \n    \n    <a class=\"breakdance-link button-atom button-atom--secondary bde-button__button\" href=\"https:\/\/skeivteori.no\" target=\"_blank\" data-type=\"url\"  >\n\n    \n        <span class=\"button-atom__text\">VISIT THE WEBSITE<\/span>\n\n        \n        \n                <\/a>\n\n    \n\n\n<\/div>\n<\/div><div class=\"bde-column-446-108 bde-column\">\n  \n  \n\t\n\n\n\n<div class=\"bde-image-446-109 bde-image\">\n<figure class=\"breakdance-image breakdance-image--5676\">\n\t<div class=\"breakdance-image-container\">\n\t\t<div class=\"breakdance-image-clip\"><img decoding=\"async\" class=\"breakdance-image-object lazyload\" data-src=\"https:\/\/kressurs.no\/wp-content\/uploads\/2024\/10\/Kan-ny-laere-om-kjonn-flagges-som-indoktrinering-Facebook-innlegg-Liggende.png\" width=\"1200\" height=\"630\" data-srcset=\"https:\/\/kressurs.no\/wp-content\/uploads\/2024\/10\/Kan-ny-laere-om-kjonn-flagges-som-indoktrinering-Facebook-innlegg-Liggende.png 1200w, https:\/\/kressurs.no\/wp-content\/uploads\/2024\/10\/Kan-ny-laere-om-kjonn-flagges-som-indoktrinering-Facebook-innlegg-Liggende-300x158.png 300w, https:\/\/kressurs.no\/wp-content\/uploads\/2024\/10\/Kan-ny-laere-om-kjonn-flagges-som-indoktrinering-Facebook-innlegg-Liggende-1024x538.png 1024w, https:\/\/kressurs.no\/wp-content\/uploads\/2024\/10\/Kan-ny-laere-om-kjonn-flagges-som-indoktrinering-Facebook-innlegg-Liggende-768x403.png 768w, https:\/\/kressurs.no\/wp-content\/uploads\/2024\/10\/Kan-ny-laere-om-kjonn-flagges-som-indoktrinering-Facebook-innlegg-Liggende-600x315.png 600w\" data-sizes=\"(max-width: 1200px) 100vw, 1200px\" src=\"data:image\/svg+xml;base64,PHN2ZyB3aWR0aD0iMSIgaGVpZ2h0PSIxIiB4bWxucz0iaHR0cDovL3d3dy53My5vcmcvMjAwMC9zdmciPjwvc3ZnPg==\" style=\"--smush-placeholder-width: 1200px; --smush-placeholder-aspect-ratio: 1200\/630;\"><\/div>\n\t<\/div><\/figure>\n\n<\/div><h1 class=\"bde-heading-446-110 bde-heading\">\nFresh Lectures\n<\/h1><div class=\"bde-text-446-111 bde-text\">\nWe focus on lectures for enlightenment, inspiration, information and relationship skills. We offer courses over a period of time to create new ways of thinking and patterns of action.\n<\/div><div class=\"bde-button-446-112 bde-button\">\n        \n    \n    \n    \n    \n            \n            <button type=\"button\" class=\"button-atom button-atom--secondary bde-button__button\"  >\n    \n        <span class=\"button-atom__text\">VISIT THE WEBSITE<\/span>\n\n        \n        \n            <\/button>\n    \n\n\n<\/div>\n<\/div><\/div><\/div>\n<\/section><section class=\"bde-section-446-113 bde-section\">\n  \n  \n\t\n\n\n\n<div class=\"section-container\"><div class=\"bde-columns-446-114 bde-columns\"><div class=\"bde-column-446-115 bde-column\">\n  \n  \n\t\n\n\n\n<div class=\"bde-image-446-133 bde-image\">\n<figure class=\"breakdance-image breakdance-image--456\">\n\t<div class=\"breakdance-image-container\">\n\t\t<div class=\"breakdance-image-clip\"><img decoding=\"async\" class=\"breakdance-image-object lazyload\" data-src=\"https:\/\/kressurs.no\/wp-content\/uploads\/2024\/02\/Kan-ny-laere-om-kjonn-flagges-som-indoktrinering-Facebook-innlegg-Liggende-2.webp\" width=\"1200\" height=\"630\" data-srcset=\"https:\/\/kressurs.no\/wp-content\/uploads\/2024\/02\/Kan-ny-laere-om-kjonn-flagges-som-indoktrinering-Facebook-innlegg-Liggende-2.webp 1200w, https:\/\/kressurs.no\/wp-content\/uploads\/2024\/02\/Kan-ny-laere-om-kjonn-flagges-som-indoktrinering-Facebook-innlegg-Liggende-2-300x158.webp 300w, https:\/\/kressurs.no\/wp-content\/uploads\/2024\/02\/Kan-ny-laere-om-kjonn-flagges-som-indoktrinering-Facebook-innlegg-Liggende-2-1024x538.webp 1024w, https:\/\/kressurs.no\/wp-content\/uploads\/2024\/02\/Kan-ny-laere-om-kjonn-flagges-som-indoktrinering-Facebook-innlegg-Liggende-2-768x403.webp 768w\" data-sizes=\"(max-width: 1200px) 100vw, 1200px\" src=\"data:image\/svg+xml;base64,PHN2ZyB3aWR0aD0iMSIgaGVpZ2h0PSIxIiB4bWxucz0iaHR0cDovL3d3dy53My5vcmcvMjAwMC9zdmciPjwvc3ZnPg==\" style=\"--smush-placeholder-width: 1200px; --smush-placeholder-aspect-ratio: 1200\/630;\"><\/div>\n\t<\/div><\/figure>\n\n<\/div>\n<\/div><div class=\"bde-column-446-116 bde-column\">\n  \n  \n\t\n\n\n\n<h1 class=\"bde-heading-446-134 bde-heading\">\nSkeivteori.no\n<\/h1><div class=\"bde-text-446-135 bde-text\">\nWe have exposed queer theory in textbooks and we have shown that all publishers may be violating the Education Act.\n<\/div><div class=\"bde-button-446-136 bde-button\">\n        \n    \n    \n    \n    \n            \n                    \n            \n            \n\n    \n    \n    \n    \n    \n    <a class=\"breakdance-link button-atom button-atom--secondary bde-button__button\" href=\"https:\/\/skeivteori.no\" target=\"_blank\" data-type=\"url\"  >\n\n    \n        <span class=\"button-atom__text\">VISIT THE WEBSITE<\/span>\n\n        \n        \n                <\/a>\n\n    \n\n\n<\/div>\n<\/div><\/div><\/div>\n<\/section><section class=\"bde-section-446-143 bde-section\">\n  \n  \n\t\n\n\n\n<div class=\"section-container\"><div class=\"bde-columns-446-144 bde-columns\"><div class=\"bde-column-446-145 bde-column\">\n  \n  \n\t\n\n\n\n<div class=\"bde-image-446-146 bde-image\">\n<figure class=\"breakdance-image breakdance-image--11350\">\n\t<div class=\"breakdance-image-container\">\n\t\t<div class=\"breakdance-image-clip\"><img decoding=\"async\" class=\"breakdance-image-object lazyload\" data-src=\"https:\/\/kressurs.no\/wp-content\/uploads\/2025\/05\/Untitled-design-3.png\" width=\"1920\" height=\"1080\" data-srcset=\"https:\/\/kressurs.no\/wp-content\/uploads\/2025\/05\/Untitled-design-3.png 1920w, https:\/\/kressurs.no\/wp-content\/uploads\/2025\/05\/Untitled-design-3-300x169.png 300w, https:\/\/kressurs.no\/wp-content\/uploads\/2025\/05\/Untitled-design-3-1024x576.png 1024w, https:\/\/kressurs.no\/wp-content\/uploads\/2025\/05\/Untitled-design-3-768x432.png 768w, https:\/\/kressurs.no\/wp-content\/uploads\/2025\/05\/Untitled-design-3-1536x864.png 1536w, https:\/\/kressurs.no\/wp-content\/uploads\/2025\/05\/Untitled-design-3-360x203.png 360w, https:\/\/kressurs.no\/wp-content\/uploads\/2025\/05\/Untitled-design-3-1320x743.png 1320w, https:\/\/kressurs.no\/wp-content\/uploads\/2025\/05\/Untitled-design-3-600x338.png 600w\" data-sizes=\"(max-width: 1920px) 100vw, 1920px\" src=\"data:image\/svg+xml;base64,PHN2ZyB3aWR0aD0iMSIgaGVpZ2h0PSIxIiB4bWxucz0iaHR0cDovL3d3dy53My5vcmcvMjAwMC9zdmciPjwvc3ZnPg==\" style=\"--smush-placeholder-width: 1920px; --smush-placeholder-aspect-ratio: 1920\/1080;\"><\/div>\n\t<\/div><\/figure>\n\n<\/div>\n<\/div><div class=\"bde-column-446-147 bde-column\">\n  \n  \n\t\n\n\n\n<h1 class=\"bde-heading-446-148 bde-heading\">\nStoppride.no\n<\/h1><div class=\"bde-text-446-149 bde-text\">\nPride is a political celebration driven by a political interest group with a political agenda.<br><br>Do you think political influence should have a place in schools and kindergartens?\n<\/div><div class=\"bde-button-446-150 bde-button\">\n        \n    \n    \n    \n    \n            \n                    \n            \n            \n\n    \n    \n    \n    \n    \n    <a class=\"breakdance-link button-atom button-atom--secondary bde-button__button\" href=\"https:\/\/www.stoppride.no\/\" target=\"_blank\" data-type=\"url\"  >\n\n    \n        <span class=\"button-atom__text\">Find out more<\/span>\n\n        \n        \n                <\/a>\n\n    \n\n\n<\/div>\n<\/div><\/div><\/div>\n<\/section><section class=\"bde-section-446-151 bde-section\">\n  \n  \n\t\n\n\n\n<div class=\"section-container\"><div class=\"bde-columns-446-152 bde-columns\"><div class=\"bde-column-446-153 bde-column\">\n  \n  \n\t\n\n\n\n<div class=\"bde-image-446-154 bde-image\">\n<figure class=\"breakdance-image breakdance-image--33710\">\n\t<div class=\"breakdance-image-container\">\n\t\t<div class=\"breakdance-image-clip\"><img decoding=\"async\" class=\"breakdance-image-object lazyload\" data-src=\"https:\/\/kressurs.no\/wp-content\/uploads\/2026\/04\/lys.png\" width=\"1146\" height=\"626\" data-srcset=\"https:\/\/kressurs.no\/wp-content\/uploads\/2026\/04\/lys.png 1146w, https:\/\/kressurs.no\/wp-content\/uploads\/2026\/04\/lys-300x164.png 300w, https:\/\/kressurs.no\/wp-content\/uploads\/2026\/04\/lys-1024x559.png 1024w, https:\/\/kressurs.no\/wp-content\/uploads\/2026\/04\/lys-768x420.png 768w, https:\/\/kressurs.no\/wp-content\/uploads\/2026\/04\/lys-18x10.png 18w, https:\/\/kressurs.no\/wp-content\/uploads\/2026\/04\/lys-360x197.png 360w, https:\/\/kressurs.no\/wp-content\/uploads\/2026\/04\/lys-600x328.png 600w\" data-sizes=\"(max-width: 1146px) 100vw, 1146px\" src=\"data:image\/svg+xml;base64,PHN2ZyB3aWR0aD0iMSIgaGVpZ2h0PSIxIiB4bWxucz0iaHR0cDovL3d3dy53My5vcmcvMjAwMC9zdmciPjwvc3ZnPg==\" style=\"--smush-placeholder-width: 1146px; --smush-placeholder-aspect-ratio: 1146\/626;\"><\/div>\n\t<\/div><\/figure>\n\n<\/div>\n<\/div><div class=\"bde-column-446-155 bde-column\">\n  \n  \n\t\n\n\n\n<h1 class=\"bde-heading-446-156 bde-heading\">\n1000 candles for life\n<\/h1><div class=\"bde-text-446-157 bde-text\">\n1000 Lights for Life is a celebration of light for the truth about life and human dignity. Every month, around 1000 lives are lost. That is what we focus on. Join the monthly celebration in front of the Storting.\n<\/div><div class=\"bde-button-446-158 bde-button\">\n        \n    \n    \n    \n    \n            \n                    \n            \n            \n\n    \n    \n    \n    \n    \n    <a class=\"breakdance-link button-atom button-atom--secondary bde-button__button\" href=\"https:\/\/www.1000lysforlivet.no\/\" target=\"_blank\" data-type=\"url\"  >\n\n    \n        <span class=\"button-atom__text\">Find out more<\/span>\n\n        \n        \n                <\/a>\n\n    \n\n\n<\/div>\n<\/div><\/div><\/div>\n<\/section><section class=\"bde-section-446-122 bde-section\">\n  \n  \n\t\n\n\n\n<div class=\"section-container\"><div class=\"bde-columns-446-123 bde-columns\"><div class=\"bde-column-446-124 bde-column\">\n  \n  \n\t\n\n\n\n<div class=\"bde-icon-list-446-127 bde-icon-list\">\n<ul>\n  <\/ul>\n\n<\/div><div class=\"bde-image-446-159 bde-image\">\n<figure class=\"breakdance-image breakdance-image--33717\">\n\t<div class=\"breakdance-image-container\">\n\t\t<div class=\"breakdance-image-clip\"><img decoding=\"async\" class=\"breakdance-image-object lazyload\" data-src=\"https:\/\/kressurs.no\/wp-content\/uploads\/2026\/04\/kristenshop-bok.jpg\" width=\"1280\" height=\"749\" data-srcset=\"https:\/\/kressurs.no\/wp-content\/uploads\/2026\/04\/kristenshop-bok.jpg 1280w, https:\/\/kressurs.no\/wp-content\/uploads\/2026\/04\/kristenshop-bok-300x176.jpg 300w, https:\/\/kressurs.no\/wp-content\/uploads\/2026\/04\/kristenshop-bok-1024x599.jpg 1024w, https:\/\/kressurs.no\/wp-content\/uploads\/2026\/04\/kristenshop-bok-768x449.jpg 768w, https:\/\/kressurs.no\/wp-content\/uploads\/2026\/04\/kristenshop-bok-18x12.jpg 18w, https:\/\/kressurs.no\/wp-content\/uploads\/2026\/04\/kristenshop-bok-360x211.jpg 360w, https:\/\/kressurs.no\/wp-content\/uploads\/2026\/04\/kristenshop-bok-600x351.jpg 600w\" data-sizes=\"(max-width: 1280px) 100vw, 1280px\" src=\"data:image\/svg+xml;base64,PHN2ZyB3aWR0aD0iMSIgaGVpZ2h0PSIxIiB4bWxucz0iaHR0cDovL3d3dy53My5vcmcvMjAwMC9zdmciPjwvc3ZnPg==\" style=\"--smush-placeholder-width: 1280px; --smush-placeholder-aspect-ratio: 1280\/749;\"><\/div>\n\t<\/div><\/figure>\n\n<\/div>\n<\/div><div class=\"bde-column-446-128 bde-column\">\n  \n  \n\t\n\n\n\n<div class=\"bde-rich-text-446-129 bde-rich-text breakdance-rich-text-styles\">\n<h3 class=\"bde-heading-379-117 bde-heading\">Kristenshop.no<\/h3>\n<div>\u00a0<\/div>\n<div class=\"bde-rich-text-379-118 bde-rich-text breakdance-rich-text-styles\">KristenShop.no is the online store for Christian books and products that strengthen faith and community. Secure payment &amp; fast delivery.<\/div>\n<\/div><div class=\"bde-button-446-142 bde-button\">\n        \n    \n    \n    \n    \n            \n                    \n            \n            \n\n    \n    \n    \n    \n    \n    <a class=\"breakdance-link button-atom button-atom--primary bde-button__button\" href=\"https:\/\/kristenshop.no\/\" target=\"_blank\" data-type=\"url\"  >\n\n    \n        <span class=\"button-atom__text\">VISIT THE ONLINE STORE<\/span>\n\n        \n        \n                <\/a>\n\n    \n\n\n<\/div>\n<\/div><\/div><\/div>\n<\/section>","protected":false},"excerpt":{"rendered":"<p>Skeivteori.no Vi har eksponert skeiv teori i l\u00e6reb\u00f8ker og vi har avsl\u00f8rt at samtlige forlag trolig bryter oppl\u00e6ringslovens. TIL NETTSIDEN Friske Foredrag Vi setter fokus p\u00e5 foredrag for opplysning, inspirasjon, informasjon og relasjonskompetanse. Vi tilbyr kurs over en periode for \u00e5 skape nye tankebaner og handlingsm\u00f8nstre. TIL NETTSIDEN Skeivteori.no Vi har eksponert skeiv teori i [&hellip;]<\/p>\n","protected":false},"author":1,"featured_media":0,"parent":0,"menu_order":0,"comment_status":"closed","ping_status":"closed","template":"","meta":{"_breakdance_hide_in_design_set":false,"_breakdance_tags":"","footnotes":""},"class_list":["post-446","page","type-page","status-publish","hentry"],"_links":{"self":[{"href":"https:\/\/kressurs.no\/en\/wp-json\/wp\/v2\/pages\/446","targetHints":{"allow":["GET"]}}],"collection":[{"href":"https:\/\/kressurs.no\/en\/wp-json\/wp\/v2\/pages"}],"about":[{"href":"https:\/\/kressurs.no\/en\/wp-json\/wp\/v2\/types\/page"}],"author":[{"embeddable":true,"href":"https:\/\/kressurs.no\/en\/wp-json\/wp\/v2\/users\/1"}],"replies":[{"embeddable":true,"href":"https:\/\/kressurs.no\/en\/wp-json\/wp\/v2\/comments?post=446"}],"version-history":[{"count":0,"href":"https:\/\/kressurs.no\/en\/wp-json\/wp\/v2\/pages\/446\/revisions"}],"wp:attachment":[{"href":"https:\/\/kressurs.no\/en\/wp-json\/wp\/v2\/media?parent=446"}],"curies":[{"name":"wp","href":"https:\/\/api.w.org\/{rel}","templated":true}]}}