{"id":379,"date":"2024-02-02T12:23:37","date_gmt":"2024-02-02T12:23:37","guid":{"rendered":"https:\/\/kressurs.no\/?page_id=379"},"modified":"2024-10-29T11:17:41","modified_gmt":"2024-10-29T10:17:41","slug":"tone-lise-gustavsen","status":"publish","type":"page","link":"https:\/\/kressurs.no\/en\/tone-lise-gustavsen\/","title":{"rendered":"Tone Lise Gustavsen"},"content":{"rendered":"<section class=\"bde-section-379-100 bde-section\">\n  \n  \n\t\n\n\n\n<div class=\"section-container\"><div class=\"bde-columns-379-101 bde-columns\"><div class=\"bde-column-379-102 bde-column\">\n  \n  \n\t\n\n\n\n<div class=\"bde-image-379-103 bde-image\">\n<figure class=\"breakdance-image breakdance-image--212\">\n\t<div class=\"breakdance-image-container\">\n\t\t<div class=\"breakdance-image-clip\"><img decoding=\"async\" class=\"breakdance-image-object lazyload\" data-src=\"https:\/\/kressurs.no\/wp-content\/uploads\/2024\/01\/Tone-Lise.png\" width=\"1000\" height=\"1000\" data-srcset=\"https:\/\/kressurs.no\/wp-content\/uploads\/2024\/01\/Tone-Lise.png 1000w, https:\/\/kressurs.no\/wp-content\/uploads\/2024\/01\/Tone-Lise-300x300.png 300w, https:\/\/kressurs.no\/wp-content\/uploads\/2024\/01\/Tone-Lise-150x150.png 150w, https:\/\/kressurs.no\/wp-content\/uploads\/2024\/01\/Tone-Lise-768x768.png 768w\" data-sizes=\"(max-width: 1000px) 100vw, 1000px\" src=\"data:image\/svg+xml;base64,PHN2ZyB3aWR0aD0iMSIgaGVpZ2h0PSIxIiB4bWxucz0iaHR0cDovL3d3dy53My5vcmcvMjAwMC9zdmciPjwvc3ZnPg==\" style=\"--smush-placeholder-width: 1000px; --smush-placeholder-aspect-ratio: 1000\/1000;\"><\/div>\n\t<\/div><\/figure>\n\n<\/div>\n<\/div><div class=\"bde-column-379-104 bde-column\">\n  \n  \n\t\n\n\n\n<div class=\"bde-div-379-105 bde-div\">\n  \n  \n\t\n\n\n\n<h3 class=\"bde-heading-379-106 bde-heading\">\nTone Lise Gustavsen\n<\/h3><div class=\"bde-social-icons-379-107 bde-social-icons\">\n                  \n            \n            \n\n    \n    \n    \n    \n    \n    <a class=\"breakdance-link bde-social-icons__icon-wrapper bde-social-icons__icon-instagram\" href=\"https:\/\/www.instagram.com\/tonelisegustavsen\/\" target=\"_self\" data-type=\"url\" aria-label=\"Instagram\" >\n\n             <svg xmlns=\"http:\/\/www.w3.org\/2000\/svg\" width=\"100%\" viewbox=\"0 0 24 24\">\n            <path d=\"M12 2.163c3.204 0 3.584.012 4.85.07 3.252.148 4.771 1.691 4.919 4.919.058 1.265.069 1.645.069 4.849 0 3.205-.012 3.584-.069 4.849-.149 3.225-1.664 4.771-4.919 4.919-1.266.058-1.644.07-4.85.07-3.204 0-3.584-.012-4.849-.07-3.26-.149-4.771-1.699-4.919-4.92-.058-1.265-.07-1.644-.07-4.849 0-3.204.013-3.583.07-4.849.149-3.227 1.664-4.771 4.919-4.919 1.266-.057 1.645-.069 4.849-.069zm0-2.163c-3.259 0-3.667.014-4.947.072-4.358.2-6.78 2.618-6.98 6.98-.059 1.281-.073 1.689-.073 4.948 0 3.259.014 3.668.072 4.948.2 4.358 2.618 6.78 6.98 6.98 1.281.058 1.689.072 4.948.072 3.259 0 3.668-.014 4.948-.072 4.354-.2 6.782-2.618 6.979-6.98.059-1.28.073-1.689.073-4.948 0-3.259-.014-3.667-.072-4.947-.196-4.354-2.617-6.78-6.979-6.98-1.281-.059-1.69-.073-4.949-.073zm0 5.838c-3.403 0-6.162 2.759-6.162 6.162s2.759 6.163 6.162 6.163 6.162-2.759 6.162-6.163c0-3.403-2.759-6.162-6.162-6.162zm0 10.162c-2.209 0-4-1.79-4-4 0-2.209 1.791-4 4-4s4 1.791 4 4c0 2.21-1.791 4-4 4zm6.406-11.845c-.796 0-1.441.645-1.441 1.44s.645 1.44 1.441 1.44c.795 0 1.439-.645 1.439-1.44s-.644-1.44-1.439-1.44z\"\/>\n       <\/svg>\n              <\/a>\n\n    \n<\/div>\n<\/div><div class=\"bde-text-379-108 bde-text\">\nAuthor and speaker<br>\n<\/div><div class=\"bde-text-379-109 bde-text\">\nTone Lise is a vibrant and inspiring communicator who truly hits the nail on the head with her message. Based on her own life and experiences, she dares to challenge, encourage and motivate for change and life-healing choices. Although she often speaks to young people, her message reaches a broad audience of all ages. <br><br>She has over 20 years of experience in sex education for young people, both in schools and through conversations. With a burning commitment to the topic from a Christian perspective, she has written the book \u201cThe Dream of Lasting Love\u201d, which is now available in an updated edition.\n<\/div><div class=\"bde-icon-list-379-131 bde-icon-list\">\n<ul>\n  \n              \n    <li>\n                      \n            \n            \n\n    \n    \n    \n    \n    \n    <a class=\"breakdance-link bde-icon-list__item-wrapper\" href=\"mailto:tlg@kressurs.no\" target=\"_self\" data-type=\"url\"  >\n\n      \n      <span class='bde-icon-list__icon' aria-hidden='true'>\n        <svg xmlns=\"http:\/\/www.w3.org\/2000\/svg\" viewbox=\"0 0 512 512\"><!-- Font Awesome Free 5.15.1 by @fontawesome - https:\/\/fontawesome.com License - https:\/\/fontawesome.com\/license\/free (Icons: CC BY 4.0, Fonts: SIL OFL 1.1, Code: MIT License) --><path d=\"M464 64H48C21.49 64 0 85.49 0 112v288c0 26.51 21.49 48 48 48h416c26.51 0 48-21.49 48-48V112c0-26.51-21.49-48-48-48zm0 48v40.805c-22.422 18.259-58.168 46.651-134.587 106.49-16.841 13.247-50.201 45.072-73.413 44.701-23.208.375-56.579-31.459-73.413-44.701C106.18 199.465 70.425 171.067 48 152.805V112h416zM48 400V214.398c22.914 18.251 55.409 43.862 104.938 82.646 21.857 17.205 60.134 55.186 103.062 54.955 42.717.231 80.509-37.199 103.053-54.947 49.528-38.783 82.032-64.401 104.947-82.653V400H48z\"\/><\/svg>\n      <\/span>\n      <span class='bde-icon-list__text' >\n      tlg@kressurs.no\n      <\/span>\n                  <\/a>\n\n      \n    <\/li>\n\n  <\/ul>\n\n<\/div>\n<\/div><\/div><\/div>\n<\/section><section class=\"bde-section-379-110 bde-section\">\n  \n  \n\t\n\n\n\n<div class=\"section-container\"><div class=\"bde-columns-379-111 bde-columns\"><div class=\"bde-column-379-112 bde-column\">\n  \n  \n\t\n\n\n\n<h3 class=\"bde-heading-379-113 bde-heading\">\nA little about me\n<\/h3><div class=\"bde-rich-text-379-114 bde-rich-text breakdance-rich-text-styles\">\n<p><span class=\"NormalTextRun SCXW175649149 BCX0\">I have been happily married for 32 years, and together we have six children. Previously I have worked as a teacher, salesperson and interior designer, but realized early on that my passion lies in helping people with the interior of their hearts; the inner person.<\/span><span class=\"NormalTextRun SCXW175649149 BCX0\">Over the decades, <\/span><span class=\"NormalTextRun SCXW175649149 BCX0\">I<\/span><span class=\"NormalTextRun SCXW175649149 BCX0\">\u00a0worked with <\/span><span class=\"NormalTextRun SpellingErrorV2Themed SCXW175649149 BCX0\">relationship skills<\/span><span class=\"NormalTextRun SCXW175649149 BCX0\"> in various fields, and offers counseling and life courses for individuals and families. Together with <\/span><span class=\"NormalTextRun SCXW175649149 BCX0\">my <\/span><span class=\"NormalTextRun SCXW175649149 BCX0\">man has <\/span><span class=\"NormalTextRun SCXW175649149 BCX0\">-<\/span><span class=\"NormalTextRun SCXW175649149 BCX0\"> started the congregation Frisk, to help people to a healthy faith and a healthy lifestyle. Both as a pastor, speaker and preacher<\/span><span class=\"NormalTextRun SCXW175649149 BCX0\">, I will inspire <\/span><span class=\"NormalTextRun SCXW175649149 BCX0\">to<\/span><span class=\"NormalTextRun SCXW175649149 BCX0\"> a real one <\/span><span class=\"NormalTextRun SCXW175649149 BCX0\">and authentic life in following Jesus<\/span><span class=\"NormalTextRun SCXW175649149 BCX0\">.\u00a0<\/span> <span class=\"NormalTextRun SCXW175649149 BCX0\">My motivation is to<\/span><span class=\"NormalTextRun SCXW175649149 BCX0\">\u00a0be one of those who helps the next generation navigate through a jungle of more or less important choices. <\/span><span class=\"NormalTextRun SCXW175649149 BCX0\">My dream is to see<\/span><span class=\"NormalTextRun SCXW175649149 BCX0\"> healthy families, solid marriages and upright <\/span><span class=\"NormalTextRun SCXW175649149 BCX0\">young people.<\/span><br \/>\u200b<br \/><span class=\"NormalTextRun SCXW175649149 BCX0\">I<\/span><span class=\"NormalTextRun SCXW175649149 BCX0\"> has developed the group work OPPREIST for girls and boys of middle school age<\/span><span class=\"NormalTextRun SCXW175649149 BCX0\">, and<\/span><span class=\"NormalTextRun SCXW175649149 BCX0\">\u00a0operated conversation groups for Blue Cross Norway. <\/span><span class=\"NormalTextRun SCXW175649149 BCX0\">Now I&#039;m holding <\/span><span class=\"NormalTextRun SCXW175649149 BCX0\">lectures for parents and young people at various schools on youth-related topics such as boyfriends, fidelity, sex and identity. <\/span><span class=\"NormalTextRun SCXW175649149 BCX0\">Self-esteem plays a crucial role in young people&#039;s mental health, and a poor self-image can be a source of later mental health problems. By helping young people build identity and self-understanding, we give them the tools they need to reflect on life, develop healthy attitudes, and stand up for themselves and others.<\/span><br \/><br \/><span class=\"NormalTextRun SCXW175649149 BCX0\">Our society today makes great demands and presents different stresses than in previous times. Demands for efficiency, flexibility, mastery, control, meaning and identity have increased drastically in all areas of social life. Attempts to comply with these demands often result in negative stress and deep powerlessness. Sex education bombards young people&#039;s minds in an increasing number of channels. It is more important than ever to change young people&#039;s understanding of healthy sexuality. <\/span><span class=\"NormalTextRun SCXW175649149 BCX0\">I<\/span><span class=\"NormalTextRun SCXW175649149 BCX0\"> I believe in a people&#039;s movement of purity and dignity, by making known that God&#039;s standard is worth following. That is why I have written the book &quot;\u00ab<strong>Dr\u00f8mmen om varig kj\u00e6rlighet<\/strong>\u00bb This book aims to create greater fear of God and mobilize courage, conviction, and strength to withstand the pressure of expectations.\u00a0<\/span><\/p>\n<p>Here are some topics that I have lectured on in recent years:<\/p>\n<ul>\n<li><strong>Relationships and sex<\/strong><\/li>\n<li><strong>Self-confidence and identity<\/strong><\/li>\n<li><strong>Communication and conflict resolution<\/strong><\/li>\n<li><strong>Dr\u00f8mmen om varig kj\u00e6rlighet<\/strong><\/li>\n<\/ul>\n<\/div>\n<\/div><div class=\"bde-column-379-115 bde-column\">\n  \n  \n\t\n\n\n\n<div class=\"bde-div-379-116 bde-div\">\n  \n  \n\t\n\n\n\n<h3 class=\"bde-heading-379-117 bde-heading\">\nDescription of the book &quot;The Dream of Lasting Love&quot;\"<br>\n<\/h3><div class=\"bde-rich-text-379-118 bde-rich-text breakdance-rich-text-styles\">\n<div><b>\"\"Dr\u00f8mmen om varig kj\u00e6rlighet\"\"<\/b>\u00a0is not just a book, it is a guide and a friend for young Christians who want to live a life that honors God in a world that has lost its grasp on what true love and purity are. If you feel the pressure from the culture around you, if you wonder how to resist temptation and live faithfully to your faith, then this book is for you. It will not only encourage you, but also give you the practical tools you need to live a life of integrity and devotion to God.<\/div>\n<div>\u00a0<\/div>\n<div>As a Christian youth in a secular society, you need guidance to navigate an increasingly confusing world. This book offers that guidance. It gives you a solid foundation to stand on, so you can live a life of freedom and purity that reflects God&#039;s love and plan for you.\u00a0<b>\"\"Dr\u00f8mmen om varig kj\u00e6rlighet\"\"<\/b>\u00a0is a bright light in a dark time \u2013 a book that will inspire, guide, and empower you to live a life in accordance with God&#039;s will.<\/div>\n<div>\u00a0<\/div>\n<div>Read it, live it, and share it with others who need to hear the truth.<\/div>\n<div>\u00a0<\/div>\n<div class=\"paragraph\"><strong><span style=\"color: #000000;\">Author: Tone Lise Gustavsen<\/span><\/strong><\/div>\n<\/div>\n<\/div><div class=\"bde-div-379-119 bde-div\">\n  \n  \n\t\n\n\n\n<h3 class=\"bde-heading-379-120 bde-heading\">\nThe book can be purchased here\n<\/h3><div class=\"bde-rich-text-379-121 bde-rich-text breakdance-rich-text-styles\">\n<p class=\"page-title\"><strong>Dr\u00f8mmen om varig kj\u00e6rlighet<br \/><\/strong>friendship, dating and such<\/p>\n<div class=\"product-contributor\"><span class=\"detail-name\"><a href=\"https:\/\/www.akademika.no\/product\/person\/Gustavsen%2C%20Tone%20Lise\">Gustavsen, Tone Lise<\/a><\/span><\/div>\n<div class=\"item info-points\"><span class=\"format-label\">The booklet<\/span>\u00a0\/ 2013 \/ English<\/div>\n<div>\u00a0<\/div>\n<div>When ordering, send an email to: post@kressurs.no<\/div>\n<\/div><div class=\"bde-image-379-125 bde-image\">\n<figure class=\"breakdance-image breakdance-image--2642\">\n\t<div class=\"breakdance-image-container\">\n\t\t<div class=\"breakdance-image-clip\"><a class=\"breakdance-image-link breakdance-image-link--url\" href=\"\" target=\"_blank\" rel=\"noopener\" data-sub-html=\"\" data-lg-size=\"-\"><img decoding=\"async\" class=\"breakdance-image-object lazyload\" data-src=\"https:\/\/kressurs.no\/wp-content\/uploads\/2024\/04\/drommen-om-varig-kjaerlighet-tone-lise-gustavsen-vennskap-dating-sex-bok-1500-pix.jpg\" width=\"480\" height=\"480\" data-srcset=\"https:\/\/kressurs.no\/wp-content\/uploads\/2024\/04\/drommen-om-varig-kjaerlighet-tone-lise-gustavsen-vennskap-dating-sex-bok-1500-pix.jpg 480w, https:\/\/kressurs.no\/wp-content\/uploads\/2024\/04\/drommen-om-varig-kjaerlighet-tone-lise-gustavsen-vennskap-dating-sex-bok-1500-pix-300x300.jpg 300w, https:\/\/kressurs.no\/wp-content\/uploads\/2024\/04\/drommen-om-varig-kjaerlighet-tone-lise-gustavsen-vennskap-dating-sex-bok-1500-pix-150x150.jpg 150w, https:\/\/kressurs.no\/wp-content\/uploads\/2024\/04\/drommen-om-varig-kjaerlighet-tone-lise-gustavsen-vennskap-dating-sex-bok-1500-pix-100x100.jpg 100w\" data-sizes=\"(max-width: 480px) 100vw, 480px\" src=\"data:image\/svg+xml;base64,PHN2ZyB3aWR0aD0iMSIgaGVpZ2h0PSIxIiB4bWxucz0iaHR0cDovL3d3dy53My5vcmcvMjAwMC9zdmciPjwvc3ZnPg==\" style=\"--smush-placeholder-width: 480px; --smush-placeholder-aspect-ratio: 480\/480;\"><\/a><\/div>\n\t<\/div><\/figure>\n\n<\/div><div class=\"bde-button-379-126 bde-button\">\n        \n    \n    \n    \n    \n            \n                    \n            \n            \n\n    \n    \n    \n    \n    \n    <a class=\"breakdance-link button-atom button-atom--custom bde-button__button\" href=\"\/en\/Ved bestilling send mail til: tlg@kressurs.no\/\" target=\"_self\" data-type=\"url\"  >\n\n    \n        <span class=\"button-atom__text\">Buy the book<\/span>\n\n        \n        \n                <\/a>\n\n    \n\n\n<\/div>\n<\/div><div class=\"bde-div-379-123 bde-div\">\n  \n  \n\t\n\n\n\n<div class=\"bde-div-379-127 bde-div\">\n  \n  \n\t\n\n\n\n<h3 class=\"bde-heading-379-128 bde-heading\">\nStay updated!\n<\/h3><div class=\"bde-text-379-129 bde-text\">\nSign up for our newsletter to receive updates and the latest news!\n<\/div><div class=\"bde-button-379-130 bde-button\">\n        \n    \n    \n    \n    \n            \n                    \n            \n                           \n                       \n                 \n\n    \n    \n    \n                    \n    \n    <a class=\"breakdance-link button-atom button-atom--custom bde-button__button\" href=\"#\" target=\"_self\" data-type=\"action\"  data-action='{\"type\":\"popup\",\"popupOptions\":{\"popupId\":\"482\"}}' >\n\n    \n        <span class=\"button-atom__text\">Receive newsletter<\/span>\n\n        \n        \n                <\/a>\n\n    \n\n\n<\/div>\n<\/div>\n<\/div>\n<\/div><\/div><\/div>\n<\/section>","protected":false},"excerpt":{"rendered":"<p>Tone Lise Gustavsen Forfatter og foredragsholder Tone Lise er en levende og inspirerende formidler som virkelig treffer nerven i sitt budskap. Basert p\u00e5 sitt eget liv og erfaringer, t\u00f8r hun \u00e5 utfordre, oppmuntre og motivere til forandring og livshelbredende valg. Selv om hun ofte snakker til ungdom, n\u00e5r hennes budskap ut til et bredt publikum [&hellip;]<\/p>\n","protected":false},"author":1,"featured_media":0,"parent":0,"menu_order":0,"comment_status":"closed","ping_status":"closed","template":"","meta":{"_breakdance_hide_in_design_set":false,"_breakdance_tags":"","footnotes":""},"class_list":["post-379","page","type-page","status-publish","hentry"],"_links":{"self":[{"href":"https:\/\/kressurs.no\/en\/wp-json\/wp\/v2\/pages\/379","targetHints":{"allow":["GET"]}}],"collection":[{"href":"https:\/\/kressurs.no\/en\/wp-json\/wp\/v2\/pages"}],"about":[{"href":"https:\/\/kressurs.no\/en\/wp-json\/wp\/v2\/types\/page"}],"author":[{"embeddable":true,"href":"https:\/\/kressurs.no\/en\/wp-json\/wp\/v2\/users\/1"}],"replies":[{"embeddable":true,"href":"https:\/\/kressurs.no\/en\/wp-json\/wp\/v2\/comments?post=379"}],"version-history":[{"count":0,"href":"https:\/\/kressurs.no\/en\/wp-json\/wp\/v2\/pages\/379\/revisions"}],"wp:attachment":[{"href":"https:\/\/kressurs.no\/en\/wp-json\/wp\/v2\/media?parent=379"}],"curies":[{"name":"wp","href":"https:\/\/api.w.org\/{rel}","templated":true}]}}