{"id":296,"date":"2024-01-24T09:25:09","date_gmt":"2024-01-24T09:25:09","guid":{"rendered":"https:\/\/kressurs.no\/?page_id=296"},"modified":"2024-05-23T12:20:23","modified_gmt":"2024-05-23T10:20:23","slug":"kontakt-oss","status":"publish","type":"page","link":"https:\/\/kressurs.no\/en\/kontakt-oss\/","title":{"rendered":"Contact us"},"content":{"rendered":"<section class=\"bde-section-296-111 bde-section\">\n  \n  \n\t\n\n\n\n<div class=\"section-container\"><h2 class=\"bde-heading-296-112 bde-heading\">\nKontaktpersoner\n<\/h2><div class=\"bde-columns-296-113 bde-columns\"><div class=\"bde-column-296-114 bde-column\">\n  \n  \n\t\n\n\n\n<div class=\"bde-image-296-115 bde-image\">\n<figure class=\"breakdance-image breakdance-image--212\">\n\t<div class=\"breakdance-image-container\">\n\t\t<div class=\"breakdance-image-clip\"><img decoding=\"async\" class=\"breakdance-image-object lazyload\" data-src=\"https:\/\/kressurs.no\/wp-content\/uploads\/2024\/01\/Tone-Lise.png\" width=\"1000\" height=\"1000\" data-srcset=\"https:\/\/kressurs.no\/wp-content\/uploads\/2024\/01\/Tone-Lise.png 1000w, https:\/\/kressurs.no\/wp-content\/uploads\/2024\/01\/Tone-Lise-300x300.png 300w, https:\/\/kressurs.no\/wp-content\/uploads\/2024\/01\/Tone-Lise-150x150.png 150w, https:\/\/kressurs.no\/wp-content\/uploads\/2024\/01\/Tone-Lise-768x768.png 768w\" data-sizes=\"(max-width: 1000px) 100vw, 1000px\" src=\"data:image\/svg+xml;base64,PHN2ZyB3aWR0aD0iMSIgaGVpZ2h0PSIxIiB4bWxucz0iaHR0cDovL3d3dy53My5vcmcvMjAwMC9zdmciPjwvc3ZnPg==\" style=\"--smush-placeholder-width: 1000px; --smush-placeholder-aspect-ratio: 1000\/1000;\"><\/div>\n\t<\/div><\/figure>\n\n<\/div><div class=\"bde-div-296-116 bde-div\">\n  \n  \n\t\n\n\n\n<h3 class=\"bde-heading-296-117 bde-heading\">\nTone Lise Gustavsen<br>\n<\/h3><div class=\"bde-text-296-118 bde-text\">\nDaglig leder<br>\n<\/div><div class=\"bde-icon-list-296-139 bde-icon-list\">\n<ul>\n  \n              \n    <li>\n                      \n            \n            \n\n    \n    \n    \n    \n    \n    <a class=\"breakdance-link bde-icon-list__item-wrapper\" href=\"tel:+4791627770\" target=\"_self\" data-type=\"url\"  >\n\n      \n      <span class='bde-icon-list__icon' aria-hidden='true'>\n        <svg xmlns=\"http:\/\/www.w3.org\/2000\/svg\" id=\"icon-phone\" viewBox=\"0 0 32 32\">\n<path d=\"M22 20c-2 2-2 4-4 4s-4-2-6-4-4-4-4-6 2-2 4-4-4-8-6-8-6 6-6 6c0 4 4.109 12.109 8 16s12 8 16 8c0 0 6-4 6-6s-6-8-8-6z\"\/>\n<\/svg>\n      <\/span>\n      <span class='bde-icon-list__text' >\n      +47 916 27 770<br>\n      <\/span>\n                  <\/a>\n\n      \n    <\/li>\n\n  \n              \n    <li>\n                      \n            \n            \n\n    \n    \n    \n    \n    \n    <a class=\"breakdance-link bde-icon-list__item-wrapper\" href=\"mailto:tlg@kressurs.no\" target=\"_self\" data-type=\"url\"  >\n\n      \n      <span class='bde-icon-list__icon' aria-hidden='true'>\n        <svg xmlns=\"http:\/\/www.w3.org\/2000\/svg\" viewBox=\"0 0 512 512\"><!-- Font Awesome Free 5.15.1 by @fontawesome - https:\/\/fontawesome.com License - https:\/\/fontawesome.com\/license\/free (Icons: CC BY 4.0, Fonts: SIL OFL 1.1, Code: MIT License) --><path d=\"M464 64H48C21.49 64 0 85.49 0 112v288c0 26.51 21.49 48 48 48h416c26.51 0 48-21.49 48-48V112c0-26.51-21.49-48-48-48zm0 48v40.805c-22.422 18.259-58.168 46.651-134.587 106.49-16.841 13.247-50.201 45.072-73.413 44.701-23.208.375-56.579-31.459-73.413-44.701C106.18 199.465 70.425 171.067 48 152.805V112h416zM48 400V214.398c22.914 18.251 55.409 43.862 104.938 82.646 21.857 17.205 60.134 55.186 103.062 54.955 42.717.231 80.509-37.199 103.053-54.947 49.528-38.783 82.032-64.401 104.947-82.653V400H48z\"\/><\/svg>\n      <\/span>\n      <span class='bde-icon-list__text' >\n      tlg@kressurs.no\n      <\/span>\n                  <\/a>\n\n      \n    <\/li>\n\n  <\/ul>\n\n<\/div>\n<\/div>\n<\/div><div class=\"bde-column-296-120 bde-column\">\n  \n  \n\t\n\n\n\n<div class=\"bde-image-296-121 bde-image\">\n<figure class=\"breakdance-image breakdance-image--201\">\n\t<div class=\"breakdance-image-container\">\n\t\t<div class=\"breakdance-image-clip\"><img decoding=\"async\" class=\"breakdance-image-object lazyload\" data-src=\"https:\/\/kressurs.no\/wp-content\/uploads\/2024\/01\/truls.jpeg\" width=\"768\" height=\"768\" data-srcset=\"https:\/\/kressurs.no\/wp-content\/uploads\/2024\/01\/truls.jpeg 768w, https:\/\/kressurs.no\/wp-content\/uploads\/2024\/01\/truls-300x300.jpeg 300w, https:\/\/kressurs.no\/wp-content\/uploads\/2024\/01\/truls-150x150.jpeg 150w\" data-sizes=\"(max-width: 768px) 100vw, 768px\" src=\"data:image\/svg+xml;base64,PHN2ZyB3aWR0aD0iMSIgaGVpZ2h0PSIxIiB4bWxucz0iaHR0cDovL3d3dy53My5vcmcvMjAwMC9zdmciPjwvc3ZnPg==\" style=\"--smush-placeholder-width: 768px; --smush-placeholder-aspect-ratio: 768\/768;\"><\/div>\n\t<\/div><\/figure>\n\n<\/div><div class=\"bde-div-296-122 bde-div\">\n  \n  \n\t\n\n\n\n<h3 class=\"bde-heading-296-123 bde-heading\">\nTruls Olufsen-Mehus<br>\n<\/h3><div class=\"bde-text-296-124 bde-text\">\nProsjektleder\n<\/div><div class=\"bde-icon-list-296-140 bde-icon-list\">\n<ul>\n  \n              \n    <li>\n                      \n            \n            \n\n    \n    \n    \n    \n    \n    <a class=\"breakdance-link bde-icon-list__item-wrapper\" href=\"mailto:truls@kressurs.no\" target=\"_self\" data-type=\"url\"  >\n\n      \n      <span class='bde-icon-list__icon' aria-hidden='true'>\n        <svg xmlns=\"http:\/\/www.w3.org\/2000\/svg\" viewBox=\"0 0 512 512\"><!-- Font Awesome Free 5.15.1 by @fontawesome - https:\/\/fontawesome.com License - https:\/\/fontawesome.com\/license\/free (Icons: CC BY 4.0, Fonts: SIL OFL 1.1, Code: MIT License) --><path d=\"M464 64H48C21.49 64 0 85.49 0 112v288c0 26.51 21.49 48 48 48h416c26.51 0 48-21.49 48-48V112c0-26.51-21.49-48-48-48zm0 48v40.805c-22.422 18.259-58.168 46.651-134.587 106.49-16.841 13.247-50.201 45.072-73.413 44.701-23.208.375-56.579-31.459-73.413-44.701C106.18 199.465 70.425 171.067 48 152.805V112h416zM48 400V214.398c22.914 18.251 55.409 43.862 104.938 82.646 21.857 17.205 60.134 55.186 103.062 54.955 42.717.231 80.509-37.199 103.053-54.947 49.528-38.783 82.032-64.401 104.947-82.653V400H48z\"\/><\/svg>\n      <\/span>\n      <span class='bde-icon-list__text' >\n      truls@kressurs.no\n      <\/span>\n                  <\/a>\n\n      \n    <\/li>\n\n  <\/ul>\n\n<\/div>\n<\/div>\n<\/div><\/div><div class=\"bde-columns-296-126 bde-columns\"><div class=\"bde-column-296-127 bde-column\">\n  \n  \n\t\n\n\n\n<div class=\"bde-image-296-128 bde-image\">\n<figure class=\"breakdance-image breakdance-image--9\">\n\t<div class=\"breakdance-image-container\">\n\t\t<div class=\"breakdance-image-clip\"><img decoding=\"async\" class=\"breakdance-image-object lazyload\" data-src=\"https:\/\/breakdancelibrary.com\/samba\/wp-content\/uploads\/sites\/2\/2022\/06\/avatar3.jpeg\" width=\"750\" height=\"750\" data-srcset=\"https:\/\/breakdancelibrary.com\/samba\/wp-content\/uploads\/sites\/2\/2022\/06\/avatar3.jpeg 750w, https:\/\/breakdancelibrary.com\/samba\/wp-content\/uploads\/sites\/2\/2022\/06\/avatar3-300x300.jpeg 300w, https:\/\/breakdancelibrary.com\/samba\/wp-content\/uploads\/sites\/2\/2022\/06\/avatar3-150x150.jpeg 150w\" data-sizes=\"(max-width: 750px) 100vw, 750px\" src=\"data:image\/svg+xml;base64,PHN2ZyB3aWR0aD0iMSIgaGVpZ2h0PSIxIiB4bWxucz0iaHR0cDovL3d3dy53My5vcmcvMjAwMC9zdmciPjwvc3ZnPg==\" style=\"--smush-placeholder-width: 750px; --smush-placeholder-aspect-ratio: 750\/750;\"><\/div>\n\t<\/div><\/figure>\n\n<\/div><div class=\"bde-div-296-129 bde-div\">\n  \n  \n\t\n\n\n\n<h3 class=\"bde-heading-296-130 bde-heading\">\nKristin Watson\n<\/h3><div class=\"bde-text-296-131 bde-text\">\nVP, Human Resources\n<\/div><div class=\"bde-text-296-132 bde-text\">\nQuis bibendum velit diam tellus sed ut. Faucibus posuere enim, vitae enim eget neque tortor. Metus lectus mattis id id.\n<\/div>\n<\/div>\n<\/div><div class=\"bde-column-296-133 bde-column\">\n  \n  \n\t\n\n\n\n<div class=\"bde-image-296-134 bde-image\">\n<figure class=\"breakdance-image breakdance-image--12\">\n\t<div class=\"breakdance-image-container\">\n\t\t<div class=\"breakdance-image-clip\"><img decoding=\"async\" class=\"breakdance-image-object lazyload\" data-src=\"https:\/\/breakdancelibrary.com\/samba\/wp-content\/uploads\/sites\/2\/2022\/06\/avatar12.jpeg\" width=\"750\" height=\"750\" data-srcset=\"https:\/\/breakdancelibrary.com\/samba\/wp-content\/uploads\/sites\/2\/2022\/06\/avatar12.jpeg 750w, https:\/\/breakdancelibrary.com\/samba\/wp-content\/uploads\/sites\/2\/2022\/06\/avatar12-300x300.jpeg 300w, https:\/\/breakdancelibrary.com\/samba\/wp-content\/uploads\/sites\/2\/2022\/06\/avatar12-150x150.jpeg 150w\" data-sizes=\"(max-width: 750px) 100vw, 750px\" src=\"data:image\/svg+xml;base64,PHN2ZyB3aWR0aD0iMSIgaGVpZ2h0PSIxIiB4bWxucz0iaHR0cDovL3d3dy53My5vcmcvMjAwMC9zdmciPjwvc3ZnPg==\" style=\"--smush-placeholder-width: 750px; --smush-placeholder-aspect-ratio: 750\/750;\"><\/div>\n\t<\/div><\/figure>\n\n<\/div><div class=\"bde-div-296-135 bde-div\">\n  \n  \n\t\n\n\n\n<h3 class=\"bde-heading-296-136 bde-heading\">\nAngela Fisher\n<\/h3><div class=\"bde-text-296-137 bde-text\">\nChief Strategy Officer\n<\/div><div class=\"bde-text-296-138 bde-text\">\nAliquet adipiscing lectus praesent cras sed quis lectus egestas erat. Bibendum curabitur eget habitant feugiat.\n<\/div>\n<\/div>\n<\/div><\/div><\/div>\n<\/section><section class=\"bde-section-296-100 bde-section\">\n  \n  \n\t\n\n\n\n<div class=\"section-container\"><div class=\"bde-columns-296-101 bde-columns\"><div class=\"bde-column-296-102 bde-column\">\n  \n  \n\t\n\n\n\n<h2 class=\"bde-heading-296-103 bde-heading\">\nSend henvendelse\n<\/h2><div class=\"bde-text-296-104 bde-text\">\nVi \u00f8nsker kontakt med personer, menigheter, organisasjoner og skoler som \u00f8nsker \u00e5 bidra til v\u00e5rt arbeid eller som \u00f8nsker informasjon om foredrag, undervisning, medie- og skrivearbeid, m.m.\n<\/div><div class=\"bde-icon-list-296-105 bde-icon-list\">\n<ul>\n  \n              \n    <li>\n                      \n            \n            \n\n    \n    \n    \n    \n    \n    <a class=\"breakdance-link bde-icon-list__item-wrapper\" href=\"mailto:post@kressurs.no\" target=\"_self\" data-type=\"url\"  >\n\n      \n      <span class='bde-icon-list__icon' aria-hidden='true'>\n        <svg xmlns=\"http:\/\/www.w3.org\/2000\/svg\" width=\"24\" height=\"24\" viewBox=\"0 0 24 24\" fill-rule=\"evenodd\" clip-rule=\"evenodd\"><path d=\"M24 21h-24v-18h24v18zm-23-16.477v15.477h22v-15.477l-10.999 10-11.001-10zm21.089-.523h-20.176l10.088 9.171 10.088-9.171z\"\/><\/svg>\n      <\/span>\n      <span class='bde-icon-list__text' >\n      post@kressurs.no\n      <\/span>\n                  <\/a>\n\n      \n    <\/li>\n\n  <\/ul>\n\n<\/div><h3 class=\"bde-heading-296-106 bde-heading\">\nF\u00f8lg oss\n<\/h3><div class=\"bde-social-icons-296-107 bde-social-icons\">\n                  \n            \n            \n\n    \n    \n    \n    \n    \n    <a class=\"breakdance-link bde-social-icons__icon-wrapper bde-social-icons__icon-facebook\" href=\"https:\/\/www.facebook.com\/KristentRessurssenter\" target=\"_self\" data-type=\"url\" aria-label=\"facebook\" >\n\n             <svg xmlns=\"http:\/\/www.w3.org\/2000\/svg\" width=\"100%\" viewBox=\"0 0 24 24\">\n            <path d=\"M9 8h-3v4h3v12h5v-12h3.642l.358-4h-4v-1.667c0-.955.192-1.333 1.115-1.333h2.885v-5h-3.808c-3.596 0-5.192 1.583-5.192 4.615v3.385z\"\/>\n       <\/svg>\n              <\/a>\n\n                    \n            \n            \n\n    \n    \n    \n    \n    \n    <a class=\"breakdance-link bde-social-icons__icon-wrapper bde-social-icons__icon-youtube\" href=\"https:\/\/www.youtube.com\/@KristentRessurssenter\" target=\"_self\" data-type=\"url\" aria-label=\"youtube\" >\n\n             <svg xmlns=\"http:\/\/www.w3.org\/2000\/svg\" width=\"100%\" viewBox=\"0 0 24 24\">\n            <path d=\"M19.615 3.184c-3.604-.246-11.631-.245-15.23 0-3.897.266-4.356 2.62-4.385 8.816.029 6.185.484 8.549 4.385 8.816 3.6.245 11.626.246 15.23 0 3.897-.266 4.356-2.62 4.385-8.816-.029-6.185-.484-8.549-4.385-8.816zm-10.615 12.816v-8l8 3.993-8 4.007z\"\/>\n       <\/svg>\n              <\/a>\n\n    \n<\/div>\n<\/div><div class=\"bde-column-296-108 bde-column\">\n  \n  \n\t\n\n\n\n<div class=\"bde-form-builder-296-109 bde-form-builder\">\n\n<form id=\"kontaktskjema109\" class=\"breakdance-form breakdance-form--vertical\" data-options=\"{&quot;slug&quot;:&quot;custom&quot;,&quot;name&quot;:&quot;Kontaktskjema&quot;,&quot;ajaxUrl&quot;:&quot;https:\\\/\\\/kressurs.no\\\/wp-admin\\\/admin-ajax.php&quot;,&quot;clearOnSuccess&quot;:true,&quot;hideOnSuccess&quot;:false,&quot;successMessage&quot;:&quot;Takk for din henvendelse. Vi svarer deg s\\u00e5 snart vi f\\u00e5r anledning.&quot;,&quot;errorMessage&quot;:&quot;Oi!! Noe gikk galt. &quot;,&quot;redirect&quot;:false,&quot;redirectUrl&quot;:&quot;&quot;,&quot;customJavaScript&quot;:&quot;&quot;,&quot;recaptcha&quot;:{&quot;key&quot;:&quot;&quot;,&quot;enabled&quot;:false},&quot;honeypot_enabled&quot;:true,&quot;popupsOnSuccess&quot;:[],&quot;popupsOnError&quot;:[]}\" data-steps=\"0\" >\n  \n  \n  \n<div class=\"breakdance-form-field breakdance-form-field--text\" >\n    \n    \n            <label class=\"breakdance-form-field__label\" for=\"name\">\n            Navn<span class=\"breakdance-form-field__required\">*<\/span>\n        <\/label>\n    \n    <input\n    class=\"breakdance-form-field__input\"\n    id=\"name\"\n    aria-describedby=\"name\"\n    type=\"text\"\n    name=\"fields[name]\"\n    placeholder=\"\"\n    value=\"\"\n                \n        \n        \n    required\n    \n    \n    \n    \n    \n>\n\n\n    \n    \n<\/div>\n\n\n<div class=\"breakdance-form-field breakdance-form-field--email\" >\n    \n    \n            <label class=\"breakdance-form-field__label\" for=\"email\">\n            E-post<span class=\"breakdance-form-field__required\">*<\/span>\n        <\/label>\n    \n    <input\n    class=\"breakdance-form-field__input\"\n    id=\"email\"\n    aria-describedby=\"email\"\n    type=\"email\"\n    name=\"fields[email]\"\n    placeholder=\"\"\n    value=\"\"\n                \n        \n        \n    required\n    \n    \n    \n    \n    \n>\n\n\n    \n    \n<\/div>\n\n\n<div class=\"breakdance-form-field breakdance-form-field--textarea\" >\n    \n    \n            <label class=\"breakdance-form-field__label\" for=\"message\">\n            Melding<span class=\"breakdance-form-field__required\">*<\/span>\n        <\/label>\n    \n    <textarea\n    class=\"breakdance-form-field__input\"\n    id=\"message\"\n    aria-describedby=\"message\"\n    type=\"textarea\"\n    name=\"fields[message]\"\n        placeholder=\"\"\n    required\n    \n    \n    >\n<\/textarea>\n\n\n    \n    \n<\/div>\n\n\n<div class=\"breakdance-form-field breakdance-form-field--hpinput\" >\n    \n    \n            <label class=\"breakdance-form-field__label\" for=\"hpname\">\n            HP Name\n        <\/label>\n    \n    <input\n    class=\"breakdance-form-field__input\"\n    id=\"hpname\"\n    aria-describedby=\"hpname\"\n    type=\"hpinput\"\n    name=\"fields[hpname]\"\n    placeholder=\"\"\n    value=\"\"\n                \n        \n        \n    \n    autocomplete=\"off\"\n    tabindex=\"-1\"\n    \n    \n    \n>\n\n\n    \n    \n<\/div><div class=\"breakdance-form-field breakdance-form-footer\">    \n    \n    \n    \n    \n            \n            <button type=\"submit\" class=\"button-atom button-atom--primary breakdance-form-button breakdance-form-button__submit\"  >\n    \n        <span class=\"button-atom__text\">Send henvendelse<\/span>\n\n        \n        \n            <\/button>\n    \n    <input type=\"hidden\" name=\"form_id\" value=\"109\">\n    <input type=\"hidden\" name=\"post_id\" value=\"296\">\n<\/div>\n\n  \n<\/form>\n\n\n<\/div>\n<\/div><\/div><\/div>\n<\/section>","protected":false},"excerpt":{"rendered":"<p>Kontaktpersoner Tone Lise Gustavsen Daglig leder +47 916 27 770 tlg@kressurs.no Truls Olufsen-Mehus Prosjektleder truls@kressurs.no Kristin Watson VP, Human Resources Quis bibendum velit diam tellus sed ut. Faucibus posuere enim, vitae enim eget neque tortor. Metus lectus mattis id id. Angela Fisher Chief Strategy Officer Aliquet adipiscing lectus praesent cras sed quis lectus egestas erat. [&hellip;]<\/p>\n","protected":false},"author":1,"featured_media":0,"parent":0,"menu_order":0,"comment_status":"closed","ping_status":"closed","template":"","meta":{"_breakdance_hide_in_design_set":false,"_breakdance_tags":"","footnotes":""},"class_list":["post-296","page","type-page","status-publish","hentry"],"_links":{"self":[{"href":"https:\/\/kressurs.no\/en\/wp-json\/wp\/v2\/pages\/296","targetHints":{"allow":["GET"]}}],"collection":[{"href":"https:\/\/kressurs.no\/en\/wp-json\/wp\/v2\/pages"}],"about":[{"href":"https:\/\/kressurs.no\/en\/wp-json\/wp\/v2\/types\/page"}],"author":[{"embeddable":true,"href":"https:\/\/kressurs.no\/en\/wp-json\/wp\/v2\/users\/1"}],"replies":[{"embeddable":true,"href":"https:\/\/kressurs.no\/en\/wp-json\/wp\/v2\/comments?post=296"}],"version-history":[{"count":0,"href":"https:\/\/kressurs.no\/en\/wp-json\/wp\/v2\/pages\/296\/revisions"}],"wp:attachment":[{"href":"https:\/\/kressurs.no\/en\/wp-json\/wp\/v2\/media?parent=296"}],"curies":[{"name":"wp","href":"https:\/\/api.w.org\/{rel}","templated":true}]}}