{"id":232,"date":"2024-01-19T11:47:08","date_gmt":"2024-01-19T11:47:08","guid":{"rendered":"https:\/\/kressurs.no\/?page_id=232"},"modified":"2025-07-03T11:26:36","modified_gmt":"2025-07-03T09:26:36","slug":"om-oss","status":"publish","type":"page","link":"https:\/\/kressurs.no\/en\/om-oss\/","title":{"rendered":"About us"},"content":{"rendered":"<section class=\"bde-section-232-132 bde-section\">\n  \n  \n\t\n\n\n\n<div class=\"section-container\"><div class=\"bde-columns-232-136 bde-columns\"><div class=\"bde-column-232-137 bde-column\">\n  \n  \n\t\n\n\n\n\n<\/div><div class=\"bde-column-232-138 bde-column\">\n  \n  \n\t\n\n\n\n<h1 class=\"bde-heading-232-140 bde-heading\">\nHistorien bak\n<\/h1><div class=\"bde-rich-text-232-141 bde-rich-text breakdance-rich-text-styles\">\n<p>Visjonen om et kristent ressurssenter vokste fram hos Tone Lise og Per Christian Gustavsen, som gjennom 30 \u00e5r har arbeidet med familie, ekteskap og menighetsbygging. Ved et tilfeldig m\u00f8te med Truls Olufsen-Mehus, som hadde bakgrunn fra politikk og samfunnsdebatt, oppdaget de at de hadde et felles kall om \u00e5 v\u00e6re plogspisser for sannhet i det offentlige rom.<\/p>\n<p><span data-olk-copy-source=\"MessageBody\">Begge parter hadde sett et \u00f8kende behov for tydelige stemmer i kristen-Norge \u2013 s\u00e6rlig i sp\u00f8rsm\u00e5l der politisk korrekthet har gjort det krevende for kristne ledere \u00e5 si ifra. <\/span>Det var enighet om at endringen man vil se i samfunnet m\u00e5 starte i menigheten, og den forandringen man vil se i menigheten m\u00e5 starte i hjemmene.<\/p>\n<\/div><div class=\"bde-accordion-232-174 bde-accordion bde-accordion--bordered-bottom\"><div class=\"bde-accordion__content-wrapper-232-175 bde-accordion__content-wrapper\">\n<h3 class=\"bde-accordion__title-tag\">\n  <button type=\"button\" class=\"bde-accordion__button\" id=\"accordion-button-175\" aria-controls=\"accordion-panel-175\" aria-expanded=\"false\">\n     <span class=\"bde-accordion__title\" >Les videre <\/span>\n     <span class=\"bde-accordion__icon bde-accordion__icon--default\"><\/span>\n     <span class=\"bde-accordion__icon bde-accordion__icon--active\"><\/span>\n  <\/button>\n<\/h3>\n\n<div role=\"region\" class=\"bde-accordion__panel\" id=\"accordion-panel-175\" aria-labelledby=\"accordion-button-175\">\n    <div class=\"bde-accordion__panel-content\">\n        <div class=\"bde-text-232-177 bde-text\">\nKombinasjonen av deres tro, kunnskap og erfaring, med en god porsjon frimodighet, dannet grunnlaget for \u00e5 st\u00e5 i front sammen for et nytt pion\u00e9rarbeid.<br><br>Det var naturlig \u00e5 starte med saken om kj\u00f8nn, da det var der kulturkrigen sto p\u00e5 det hardeste i 2021 og 2022. Truls hadde allerede opparbeidet seg en autoritet p\u00e5 omr\u00e5det og etablert en offentlig plattform. Denne plattformen var avgj\u00f8rende i starten for \u00e5 n\u00e5 ut. Tone Lises innsikt i og erfaring fra seksualitetsundervisning for ungdom og som forfatter av boka \u201cFrihet og Ren Sex\u201d, tilsa at det var et rop om hjelp til \u00e5 forst\u00e5 seg selv og finne retning p\u00e5 sunn kj\u00e6rlighet og seksualitet.<br><br>Navnet Kristent Ressurssenter ble et naturlig valg for organisasjonen da dette ble mest riktig beskrivelse av selve hensikten med \u00e5 v\u00e6re hjelp og st\u00f8tte til familien og menigheten.\n<\/div>\n    <\/div>\n<\/div>\n\n\n\n<\/div>\r\n\r\n<\/div>\n<\/div><\/div><\/div>\n<\/section><section class=\"bde-section-232-149 bde-section\">\n  \n  \n\t\n\n\n\n<div class=\"section-container\"><div class=\"bde-columns-232-150 bde-columns\"><div class=\"bde-column-232-151 bde-column\">\n  \n  \n\t\n\n\n\n<h1 class=\"bde-heading-232-155 bde-heading\">\nV\u00e5rt arbeid\n<\/h1><div class=\"bde-rich-text-232-154 bde-rich-text breakdance-rich-text-styles\">\n<p>Kristent Ressurssenter fremmer en kristen virkelighetsforst\u00e5else om familie, ekteskap, kj\u00f8nn og seksualitet. Vi anser oppdraget som et \u00e5ndelig arbeid. V\u00e5rt arbeid utruster familier, menigheter og enkeltpersoner som vil st\u00e5 st\u00f8dig og oppreist i en kultur preget av woke identitetspolitikk, norml\u00f8shet og verdikonflikter.<\/p>\n<p>Gjennom undervisning, opplysning, samtaler og konkrete ressurser gir vi mennesker st\u00f8tte og veiledning. Vi behandler politikk som et virkemiddel for \u00e5 fremme verdier og deltar derfor aktivt i samfunnsdebattens mange arenaer. Kristent Ressurssenter tar ansvar for \u00e5 vise vei i m\u00f8te med offentlige h\u00f8ringer og politiske prosesser som ber\u00f8rer verdisp\u00f8rsm\u00e5l innenfor v\u00e5re innsatsomr\u00e5der.<\/p>\n<\/div>\n<\/div><div class=\"bde-column-232-152 bde-column\">\n  \n  \n\t\n\n\n\n<img decoding=\"async\" class=\"bde-image2-232-153 bde-image2 lazyload\" data-src=\"https:\/\/kressurs.no\/wp-content\/uploads\/2025\/06\/KRS_Logo_2025_Staende_gull-300x237.png\" data-srcset=\"https:\/\/kressurs.no\/wp-content\/uploads\/2025\/06\/KRS_Logo_2025_Staende_gull-300x237.png 300w, https:\/\/kressurs.no\/wp-content\/uploads\/2025\/06\/KRS_Logo_2025_Staende_gull-768x607.png 768w, https:\/\/kressurs.no\/wp-content\/uploads\/2025\/06\/KRS_Logo_2025_Staende_gull-360x285.png 360w, https:\/\/kressurs.no\/wp-content\/uploads\/2025\/06\/KRS_Logo_2025_Staende_gull-600x474.png 600w\" data-sizes=\"(max-width: 300px) 100vw, 300px\" src=\"data:image\/svg+xml;base64,PHN2ZyB3aWR0aD0iMSIgaGVpZ2h0PSIxIiB4bWxucz0iaHR0cDovL3d3dy53My5vcmcvMjAwMC9zdmciPjwvc3ZnPg==\" style=\"--smush-placeholder-width: 300px; --smush-placeholder-aspect-ratio: 300\/237;\">\n<\/div><\/div><\/div>\n<\/section><section class=\"bde-section-232-156 bde-section\">\n              \n  \n  \n\t\n\n\n\n<div class=\"section-container\"><div class=\"bde-columns-232-161 bde-columns\"><div class=\"bde-column-232-162 bde-column\">\n  \n  \n\t\n\n\n\n\n<\/div><div class=\"bde-column-232-163 bde-column\">\n  \n  \n\t\n\n\n\n<h1 class=\"bde-heading-232-165 bde-heading\">\nTrosgrunnlag <br>og styring\n<\/h1><div class=\"bde-rich-text-232-166 bde-rich-text breakdance-rich-text-styles\">\n<p><span style=\"font-weight: 400;\">Kristent Ressurssenter bygger sitt arbeid p\u00e5 bibelsk kristen tro: Vi tror p\u00e5 en Gud- Faderen, S\u00f8nnen og Den Hellige \u00c5nd - og p\u00e5 frelse ved tro p\u00e5 Jesu fullbrakte verk. Bibelen er v\u00e5r \u00f8verste autoritet, og vi \u00f8nsker \u00e5 formidle hele Skriftens budskap med tydelighet, visdom og respekt. V\u00e5r tro er forankret i den apostoliske og nikenske trosbekjennelsen, og vi praktiserer etisk veiledning som bygger p\u00e5 bibelens helhet og klarhet.<\/span><\/p>\n<p><span style=\"font-weight: 400;\">Kristent Ressurssenter ledes av et valgt styre med personer fra ulike menigheter. Styret har ansvar for drift og \u00f8konomi, og arbeider etter prinsipper for god kristen forvaltning og \u00e5penhet.<\/span><\/p>\n<p><span style=\"font-weight: 400;\">\u00a0<\/span><\/p>\n<\/div>\n<\/div><div class=\"bde-column-232-164 bde-column\">\n  \n  \n\t\n\n\n\n\n<\/div><\/div><\/div>\n<\/section><section class=\"bde-section-232-167 bde-section\">\n  \n  \n\t\n\n\n\n<div class=\"section-container\"><h1 class=\"bde-heading-232-172 bde-heading\">\nNYHETSBREV\n<\/h1><div class=\"bde-columns-232-168 bde-columns\"><div class=\"bde-column-232-169 bde-column\">\n  \n  \n\t\n\n\n\n<div class=\"bde-rich-text-232-173 bde-rich-text breakdance-rich-text-styles\">\n<p>F\u00f8lg med p\u00e5 hva som skjer hos Kristent Ressurssenter - vi deler jevnlig nyheter og relevante oppdateringer<\/p>\n<\/div>\n<\/div><div class=\"bde-column-232-170 bde-column\">\n  \n  \n\t\n\n\n\n<div class=\"bde-form-builder-232-171 bde-form-builder\">\n\n<form id=\"nyhetsbrev171\" class=\"breakdance-form breakdance-form--horizontal\" data-options=\"{&quot;slug&quot;:&quot;custom&quot;,&quot;name&quot;:&quot;Nyhetsbrev&quot;,&quot;ajaxUrl&quot;:&quot;https:\\\/\\\/kressurs.no\\\/wp-admin\\\/admin-ajax.php&quot;,&quot;clearOnSuccess&quot;:true,&quot;hideOnSuccess&quot;:false,&quot;successMessage&quot;:&quot;Your message has been received!&quot;,&quot;errorMessage&quot;:&quot;Something went wrong&quot;,&quot;redirect&quot;:false,&quot;redirectUrl&quot;:&quot;&quot;,&quot;customJavaScript&quot;:&quot;&quot;,&quot;recaptcha&quot;:{&quot;key&quot;:&quot;&quot;,&quot;enabled&quot;:false},&quot;honeypot_enabled&quot;:true,&quot;popupsOnSuccess&quot;:[],&quot;popupsOnError&quot;:[]}\" data-steps=\"0\" >\n  \n  \n  \n<div class=\"breakdance-form-field breakdance-form-field--email\" >\n    \n    \n    \n    <input\n    class=\"breakdance-form-field__input\"\n    id=\"email\"\n    aria-describedby=\"email\"\n    type=\"email\"\n    name=\"fields[email]\"\n    placeholder=\"Din e-post\"\n    value=\"\"\n                \n        \n        \n    required\n    \n    \n    \n    \n    \n>\n\n\n    \n    \n<\/div>\n\n\n<div class=\"breakdance-form-field breakdance-form-field--hpinput\" >\n    \n    \n            <label class=\"breakdance-form-field__label\" for=\"hpname\">\n            HP Name\n        <\/label>\n    \n    <input\n    class=\"breakdance-form-field__input\"\n    id=\"hpname\"\n    aria-describedby=\"hpname\"\n    type=\"hpinput\"\n    name=\"fields[hpname]\"\n    placeholder=\"\"\n    value=\"\"\n                \n        \n        \n    \n    autocomplete=\"off\"\n    tabindex=\"-1\"\n    \n    \n    \n>\n\n\n    \n    \n<\/div><div class=\"breakdance-form-field breakdance-form-footer\">    \n    \n    \n    \n    \n            \n            <button type=\"submit\" class=\"button-atom button-atom--primary breakdance-form-button breakdance-form-button__submit\"  >\n    \n        <span class=\"button-atom__text\">Send inn<\/span>\n\n        \n        \n            <\/button>\n    \n    <input type=\"hidden\" name=\"form_id\" value=\"171\">\n    <input type=\"hidden\" name=\"post_id\" value=\"232\">\n<\/div>\n\n  \n<\/form>\n\n\n<\/div>\n<\/div><\/div><\/div>\n<\/section><section class=\"bde-section-232-110 bde-section\">\n  \n  \n\t\n\n\n\n<div class=\"section-container\"><div class=\"bde-columns-232-111 bde-columns\"><div class=\"bde-column-232-112 bde-column\">\n  \n  \n\t\n\n\n\n<h2 class=\"bde-heading-232-101 bde-heading\">\nOm Kristent Ressurssenter\n<\/h2><div class=\"bde-text-232-107 bde-text\">\nM\u00e5let med Kristent Ressurssenter er \u00e5 styrke en kristen virkelighetsforst\u00e5else<br>\u200bom familie og barn, kj\u00f8nn og seksualitet.\n<\/div>\n<\/div><\/div><\/div>\n<\/section><section class=\"bde-section-232-100 bde-section\">\n              \n  \n  \n\t\n\n  <div class=\"section-background-overlay\"><\/div>\n\n\n<div class=\"section-container\"><div class=\"bde-columns-232-102 bde-columns\"><div class=\"bde-column-232-103 bde-column\">\n  \n  \n\t\n\n\n\n<div class=\"bde-rich-text-232-104 bde-rich-text breakdance-rich-text-styles\">\n<h5><b><i>Sammen for kristne verdier og fremtidige generasjoner<\/i><\/b><\/h5>\n<div class=\"paragraph\">\n<p><i>Vi \u00f8nsker \u00e5 fremme kristne verdier i samfunnet, og har et s\u00e6rlig fokus p\u00e5 \u00e5 styrke en kristen virkelighetsforst\u00e5else om familie og barn, kj\u00f8nn og seksualitet.<\/i><\/p>\n<p><i>Vi belyser politikk, lovverk og statlig praksis som p\u00e5virker kulturen v\u00e5r og som tilsidesetter kristen tro, etikk og verdier.<\/i><\/p>\n<p><i>Det tradisjonelle familielivet, som er ett fundament for stabile samfunn, er under press. Vi mener derfor at troen p\u00e5 ekteskap og familie i samsvar med kristne verdier m\u00e5 styrkes. Som kristne m\u00e5 vi st\u00e5 sammen for \u00e5 bli h\u00f8rt og st\u00f8tte hverandre for \u00e5 kunne utrette mer. Ved \u00e5 vise et samlet folk som st\u00e5r opp for sannheten i kristne verdisp\u00f8rsm\u00e5l, kan vi utruste og styrke kommende generasjoner.<\/i><\/p>\n<\/div>\n<\/div><div class=\"bde-rich-text-232-106 bde-rich-text breakdance-rich-text-styles\">\n<h5><b><i>Kristent Ressurssenter vil ta ansvar og bidra til forandring:<\/i><\/b><\/h5>\n<div class=\"paragraph\">\n<p><i>-Vi st\u00f8tter frivillige organisasjoner og frivillig arbeid som fremmer bibelske og kristne verdier<\/i><\/p>\n<p><i>-Vi vil skape et milj\u00f8 for personer og prosjekter som formidler og jobber med kristent tro-, verdi- og livssyn i samfunnsdebatten.<\/i><\/p>\n<p><i>-Vi vil fungere som et kompetansesenter for kristne menigheter, organisasjoner og enkeltpersoner i m\u00f8te med politiske vedtak, lovendringer og offentlig forvaltningspraksis som bryter med en kristen virkelighetsforst\u00e5else.<\/i><\/p>\n<p>\u00a0<\/p>\n<\/div>\n<p><span class=\"TextRun SCXW246714137 BCX8\" lang=\"NB-NO\" xml:lang=\"NB-NO\" data-contrast=\"none\"><span class=\"NormalTextRun SCXW246714137 BCX8\">Pengegaver til Kristent Ressurssenter brukes til \u00e5 engasjere kompetente og erfarne personer i samfunnsdebatten, samt til \u00e5 holde foredrag, seminarer og andre tiltak som bidrar til folkeopplysning om aktuelle temaer. Med frimodig innsats, faglig innhold og varierte virkemidler vil v\u00e5re verdibevisste representanter kommunisere kristne sannheter og verdier i det offentlige rom.<\/span><\/span><span class=\"EOP SCXW246714137 BCX8\" data-ccp-props=\"{}\">\u00a0<\/span><\/p>\n<p>\u00a0<\/p>\n<\/div>\n<\/div><\/div><div class=\"bde-columns-232-127 bde-columns\"><div class=\"bde-column-232-128 bde-column\">\n  \n  \n\t\n\n\n\n<div class=\"bde-image-232-130 bde-image\">\n<figure class=\"breakdance-image breakdance-image--6977\">\n\t<div class=\"breakdance-image-container\">\n\t\t<div class=\"breakdance-image-clip\"><img decoding=\"async\" class=\"breakdance-image-object lazyload\" data-src=\"https:\/\/kressurs.no\/wp-content\/uploads\/2024\/11\/MGL2498_nedskalert.jpg\" width=\"1920\" height=\"1281\" data-srcset=\"https:\/\/kressurs.no\/wp-content\/uploads\/2024\/11\/MGL2498_nedskalert.jpg 1920w, https:\/\/kressurs.no\/wp-content\/uploads\/2024\/11\/MGL2498_nedskalert-300x200.jpg 300w, https:\/\/kressurs.no\/wp-content\/uploads\/2024\/11\/MGL2498_nedskalert-1024x683.jpg 1024w, https:\/\/kressurs.no\/wp-content\/uploads\/2024\/11\/MGL2498_nedskalert-768x512.jpg 768w, https:\/\/kressurs.no\/wp-content\/uploads\/2024\/11\/MGL2498_nedskalert-1536x1025.jpg 1536w, https:\/\/kressurs.no\/wp-content\/uploads\/2024\/11\/MGL2498_nedskalert-360x240.jpg 360w, https:\/\/kressurs.no\/wp-content\/uploads\/2024\/11\/MGL2498_nedskalert-1320x881.jpg 1320w, https:\/\/kressurs.no\/wp-content\/uploads\/2024\/11\/MGL2498_nedskalert-600x400.jpg 600w\" data-sizes=\"(max-width: 1920px) 100vw, 1920px\" src=\"data:image\/svg+xml;base64,PHN2ZyB3aWR0aD0iMSIgaGVpZ2h0PSIxIiB4bWxucz0iaHR0cDovL3d3dy53My5vcmcvMjAwMC9zdmciPjwvc3ZnPg==\" style=\"--smush-placeholder-width: 1920px; --smush-placeholder-aspect-ratio: 1920\/1281;\"><\/div>\n\t<\/div><\/figure>\n\n<\/div>\n<\/div><div class=\"bde-column-232-129 bde-column\">\n  \n  \n\t\n\n\n\n<div class=\"bde-image-232-131 bde-image\">\n<figure class=\"breakdance-image breakdance-image--6978\">\n\t<div class=\"breakdance-image-container\">\n\t\t<div class=\"breakdance-image-clip\"><img decoding=\"async\" class=\"breakdance-image-object lazyload\" data-src=\"https:\/\/kressurs.no\/wp-content\/uploads\/2024\/11\/MGL2521_nedskalert.jpg\" width=\"1920\" height=\"1281\" data-srcset=\"https:\/\/kressurs.no\/wp-content\/uploads\/2024\/11\/MGL2521_nedskalert.jpg 1920w, https:\/\/kressurs.no\/wp-content\/uploads\/2024\/11\/MGL2521_nedskalert-300x200.jpg 300w, https:\/\/kressurs.no\/wp-content\/uploads\/2024\/11\/MGL2521_nedskalert-1024x683.jpg 1024w, https:\/\/kressurs.no\/wp-content\/uploads\/2024\/11\/MGL2521_nedskalert-768x512.jpg 768w, https:\/\/kressurs.no\/wp-content\/uploads\/2024\/11\/MGL2521_nedskalert-1536x1025.jpg 1536w, https:\/\/kressurs.no\/wp-content\/uploads\/2024\/11\/MGL2521_nedskalert-360x240.jpg 360w, https:\/\/kressurs.no\/wp-content\/uploads\/2024\/11\/MGL2521_nedskalert-1320x881.jpg 1320w, https:\/\/kressurs.no\/wp-content\/uploads\/2024\/11\/MGL2521_nedskalert-600x400.jpg 600w\" data-sizes=\"(max-width: 1920px) 100vw, 1920px\" src=\"data:image\/svg+xml;base64,PHN2ZyB3aWR0aD0iMSIgaGVpZ2h0PSIxIiB4bWxucz0iaHR0cDovL3d3dy53My5vcmcvMjAwMC9zdmciPjwvc3ZnPg==\" style=\"--smush-placeholder-width: 1920px; --smush-placeholder-aspect-ratio: 1920\/1281;\"><\/div>\n\t<\/div><\/figure>\n\n<\/div>\n<\/div><\/div><\/div>\n<\/section>","protected":false},"excerpt":{"rendered":"<p>Historien bak Visjonen om et kristent ressurssenter vokste fram hos Tone Lise og Per Christian Gustavsen, som gjennom 30 \u00e5r har arbeidet med familie, ekteskap og menighetsbygging. Ved et tilfeldig m\u00f8te med Truls Olufsen-Mehus, som hadde bakgrunn fra politikk og samfunnsdebatt, oppdaget de at de hadde et felles kall om \u00e5 v\u00e6re plogspisser for sannhet [&hellip;]<\/p>\n","protected":false},"author":1,"featured_media":0,"parent":0,"menu_order":0,"comment_status":"closed","ping_status":"closed","template":"","meta":{"_breakdance_hide_in_design_set":false,"_breakdance_tags":"","footnotes":""},"class_list":["post-232","page","type-page","status-publish","hentry"],"_links":{"self":[{"href":"https:\/\/kressurs.no\/en\/wp-json\/wp\/v2\/pages\/232","targetHints":{"allow":["GET"]}}],"collection":[{"href":"https:\/\/kressurs.no\/en\/wp-json\/wp\/v2\/pages"}],"about":[{"href":"https:\/\/kressurs.no\/en\/wp-json\/wp\/v2\/types\/page"}],"author":[{"embeddable":true,"href":"https:\/\/kressurs.no\/en\/wp-json\/wp\/v2\/users\/1"}],"replies":[{"embeddable":true,"href":"https:\/\/kressurs.no\/en\/wp-json\/wp\/v2\/comments?post=232"}],"version-history":[{"count":0,"href":"https:\/\/kressurs.no\/en\/wp-json\/wp\/v2\/pages\/232\/revisions"}],"wp:attachment":[{"href":"https:\/\/kressurs.no\/en\/wp-json\/wp\/v2\/media?parent=232"}],"curies":[{"name":"wp","href":"https:\/\/api.w.org\/{rel}","templated":true}]}}