{"id":14,"date":"2024-01-10T14:10:32","date_gmt":"2024-01-10T14:10:32","guid":{"rendered":"https:\/\/kressurs.no\/?page_id=14"},"modified":"2026-02-18T13:06:57","modified_gmt":"2026-02-18T12:06:57","slug":"hjem","status":"publish","type":"page","link":"https:\/\/kressurs.no\/en\/","title":{"rendered":"Home"},"content":{"rendered":"<section class=\"bde-section-14-157 bde-section\">\n              \n  \n  \n\t    \n      <div class=\"section-background-video\">\n              <video\n          autoplay\n muted\n playsinline\n loop\n poster=\"https:\/\/kressurs.no\/wp-content\/uploads\/2024\/04\/Skjermbilde-2024-04-11-141901.png\"\n                >\n        <source src=\"https:\/\/kressurs.no\/wp-content\/uploads\/2024\/04\/Familie-video-apning-nettside.mp4\" type=\"video\/mp4\" \/>\n      <\/video>\n      <\/div>\n\n\n  <div class=\"section-background-overlay\"><\/div>\n\n\n<div class=\"section-container\"><div class=\"bde-text-14-101 bde-text\">\n\n<\/div><h1 class=\"bde-heading-14-174 bde-heading\">\n\n<\/h1><h1 class=\"bde-heading-14-102 bde-heading\">\n\n<\/h1><\/div>\n<\/section><section class=\"bde-section-14-165 bde-section\">\n  \n  \n\t\n\n\n\n<div class=\"section-container\"><div class=\"bde-columns-14-166 bde-columns\"><div class=\"bde-column-14-167 bde-column\">\n  \n  \n\t\n\n\n\n<h1 class=\"bde-heading-14-169 bde-heading\">\nAbout us:\n<\/h1><div class=\"bde-rich-text-14-170 bde-rich-text breakdance-rich-text-styles\">\n<p><i>Kristent Ressurssenter wants to strengthen Christian values in society, and has a particular focus on strengthening a Christian understanding of reality regarding family and children, gender and sexuality.<\/i><\/p>\n<p><i>We highlight policies, legislation, and government practices that shape our culture and challenge Christian faith, ethics, and values.<\/i><\/p>\n<p>\u00a0<\/p>\n<\/div><div class=\"bde-button-14-164 bde-button\">\n        \n    \n    \n    \n    \n            \n                    \n            \n            \n\n    \n    \n    \n    \n    \n    <a class=\"breakdance-link button-atom button-atom--secondary bde-button__button\" href=\"https:\/\/kressurs.no\/en\/om-oss\/\" target=\"_self\" data-type=\"url\"  >\n\n    \n        <span class=\"button-atom__text\">Read more<\/span>\n\n        \n        \n                <\/a>\n\n    \n\n\n<\/div>\n<\/div><div class=\"bde-column-14-168 bde-column\">\n  \n  \n\t\n\n\n\n<div class=\"bde-video-14-162 bde-video\">\n<div class=\"ee-video-container\">\n                                                                        \n                <lite-youtube\n                        videoid=\"lKofHAjxXvs\"\n                                                style=\"background-image:inherit; --logoUrl: url(https:\/\/kressurs.no\/wp-content\/uploads\/2024\/01\/cropped-kristent-ressurssenter-logo-64-pix-1.png)\"\n                        class=\"ee-video lazyload\"\n                        title=\"Kristent Ressurssenter\"\n                        params=\"&playsinline=0&rel=0&enablejsapi=1\"\n                 data-bg-image=\"url(https:\/\/kressurs.no\/wp-content\/uploads\/2024\/02\/Skjermbilde-2024-02-08-111927.png)\">\n                <\/lite-youtube>\n                    \n        \n            \n    <\/div>\n\n<\/div>\n<\/div><\/div><\/div>\n<\/section><section class=\"bde-section-14-175 bde-section\">\n  \n  \n\t\n\n\n\n<div class=\"section-container\"><div class=\"bde-columns-14-180 bde-columns\"><div class=\"bde-column-14-181 bde-column\">\n  \n  \n\t\n\n\n\n<a class=\"bde-container-link-14-202 bde-container-link breakdance-link\" href=\"https:\/\/kressurs.no\/en\/datingseminar\/\" target=\"_blank\" data-type=\"url\">\n  \n  \n\t\n\n\n\n<img decoding=\"async\" class=\"bde-image2-14-201 bde-image2 lazyload\" data-src=\"https:\/\/kressurs.no\/wp-content\/uploads\/2025\/02\/Datingseminar_kressurs_Plakat.jpg\" data-srcset=\"https:\/\/kressurs.no\/wp-content\/uploads\/2025\/02\/Datingseminar_kressurs_Plakat.jpg 1920w, https:\/\/kressurs.no\/wp-content\/uploads\/2025\/02\/Datingseminar_kressurs_Plakat-300x300.jpg 300w, https:\/\/kressurs.no\/wp-content\/uploads\/2025\/02\/Datingseminar_kressurs_Plakat-1024x1024.jpg 1024w, https:\/\/kressurs.no\/wp-content\/uploads\/2025\/02\/Datingseminar_kressurs_Plakat-150x150.jpg 150w, https:\/\/kressurs.no\/wp-content\/uploads\/2025\/02\/Datingseminar_kressurs_Plakat-768x768.jpg 768w, https:\/\/kressurs.no\/wp-content\/uploads\/2025\/02\/Datingseminar_kressurs_Plakat-1536x1536.jpg 1536w, https:\/\/kressurs.no\/wp-content\/uploads\/2025\/02\/Datingseminar_kressurs_Plakat-360x360.jpg 360w, https:\/\/kressurs.no\/wp-content\/uploads\/2025\/02\/Datingseminar_kressurs_Plakat-1320x1320.jpg 1320w, https:\/\/kressurs.no\/wp-content\/uploads\/2025\/02\/Datingseminar_kressurs_Plakat-600x600.jpg 600w\" data-sizes=\"(max-width: 1920px) 100vw, 1920px\" src=\"data:image\/svg+xml;base64,PHN2ZyB3aWR0aD0iMSIgaGVpZ2h0PSIxIiB4bWxucz0iaHR0cDovL3d3dy53My5vcmcvMjAwMC9zdmciPjwvc3ZnPg==\" style=\"--smush-placeholder-width: 1920px; --smush-placeholder-aspect-ratio: 1920\/1920;\">\n\n<\/a>\n<\/div><div class=\"bde-column-14-182 bde-column\">\n  \n  \n\t\n\n\n\n<div class=\"bde-badge-14-195 bde-badge\">\n<span >Seminar<\/span>\n<\/div><h1 class=\"bde-heading-14-189 bde-heading\">\nDr\u00f8mmen om varig kj\u00e6rlighet\n<\/h1><div class=\"bde-rich-text-14-191 bde-rich-text breakdance-rich-text-styles\">\n<p>After last year&#039;s success, we are organizing a new dating seminar for singles, dating couples, and couples in love.\u00a0<\/p>\n<\/div><div class=\"bde-div-14-197 bde-div\">\n  \n  \n\t\n\n\n\n<div class=\"bde-icon-14-199 bde-icon\">\n\n    \n            <div class=\"bde-icon-icon breakdance-icon-atom\" >\n    \n                    <svg xmlns=\"http:\/\/www.w3.org\/2000\/svg\" viewbox=\"0 0 512 512\"><!-- Font Awesome Free 5.15.1 by @fontawesome - https:\/\/fontawesome.com License - https:\/\/fontawesome.com\/license\/free (Icons: CC BY 4.0, Fonts: SIL OFL 1.1, Code: MIT License) --><path d=\"M256 8C119 8 8 119 8 256s111 248 248 248 248-111 248-248S393 8 256 8zm0 448c-110.5 0-200-89.5-200-200S145.5 56 256 56s200 89.5 200 200-89.5 200-200 200zm61.8-104.4l-84.9-61.7c-3.1-2.3-4.9-5.9-4.9-9.7V116c0-6.6 5.4-12 12-12h32c6.6 0 12 5.4 12 12v141.7l66.8 48.6c5.4 3.9 6.5 11.4 2.6 16.8L334.6 349c-3.9 5.3-11.4 6.5-16.8 2.6z\"\/><\/svg>\n        \n        \n        \n            <\/div>\n    \n\n\n<\/div><div class=\"bde-rich-text-14-198 bde-rich-text breakdance-rich-text-styles\">\n<p>Saturday, March 22<br \/>10:00 \u2013 18:00<\/p>\n<\/div><div class=\"bde-icon-14-200 bde-icon\">\n\n    \n            <div class=\"bde-icon-icon breakdance-icon-atom\" >\n    \n                    <svg xmlns=\"http:\/\/www.w3.org\/2000\/svg\" viewbox=\"0 0 384 512\"><!-- Font Awesome Free 5.15.1 by @fontawesome - https:\/\/fontawesome.com License - https:\/\/fontawesome.com\/license\/free (Icons: CC BY 4.0, Fonts: SIL OFL 1.1, Code: MIT License) --><path d=\"M172.268 501.67C26.97 291.031 0 269.413 0 192 0 85.961 85.961 0 192 0s192 85.961 192 192c0 77.413-26.97 99.031-172.268 309.67-9.535 13.774-29.93 13.773-39.464 0zM192 272c44.183 0 80-35.817 80-80s-35.817-80-80-80-80 35.817-80 80 35.817 80 80 80z\"\/><\/svg>\n        \n        \n        \n            <\/div>\n    \n\n\n<\/div><div class=\"bde-rich-text-14-196 bde-rich-text breakdance-rich-text-styles\">\n<div class=\"ch-flex ch-items-center ch-gap-2\">\n<div>\n<p>Philadelphia Fredrikstad<br \/>Ilaveien 108, Fredrikstad, Norway<\/p>\n<\/div>\n<\/div>\n<\/div>\n<\/div>\n<\/div><div class=\"bde-column-14-183 bde-column\">\n  \n  \n\t\n\n\n\n<div class=\"bde-button-14-190 bde-button\">\n        \n    \n    \n    \n    \n            \n                    \n            \n            \n\n    \n    \n    \n    \n    \n    <a class=\"breakdance-link button-atom button-atom--primary bde-button__button\" href=\"https:\/\/event.checkin.no\/107869\/droemmen-om-varig-kjaerlighet\" target=\"_self\" data-type=\"url\"  >\n\n    \n        <span class=\"button-atom__text\">Sign up<\/span>\n\n        \n        \n                <\/a>\n\n    \n\n\n<\/div><div class=\"bde-button-14-203 bde-button\">\n        \n    \n    \n    \n    \n            \n                    \n            \n            \n\n    \n    \n    \n    \n    \n    <a class=\"breakdance-link button-atom button-atom--secondary bde-button__button\" href=\"https:\/\/kressurs.no\/en\/datingseminar\/\" target=\"_blank\" data-type=\"url\"  >\n\n    \n        <span class=\"button-atom__text\">Read more<\/span>\n\n        \n        \n                <\/a>\n\n    \n\n\n<\/div>\n<\/div><\/div><\/div>\n<\/section><section class=\"bde-section-14-108 bde-section\">\n  \n  \n\t\n\n\n\n<div class=\"section-container\"><div class=\"bde-columns-14-110 bde-columns\"><div class=\"bde-column-14-111 bde-column\">\n  \n  \n\t\n\n\n\n<div class=\"bde-image-box-14-116 bde-image-box\">\n<div class=\"ee-imagebox-image\">\n  <img decoding=\"async\" class=\"breakdance-image-object lazyload\" data-src=\"https:\/\/kressurs.no\/wp-content\/uploads\/2024\/06\/heart-1.png\" width=\"128\" height=\"128\" data-srcset=\"https:\/\/kressurs.no\/wp-content\/uploads\/2024\/06\/heart-1.png 128w, https:\/\/kressurs.no\/wp-content\/uploads\/2024\/06\/heart-1-100x100.png 100w\" data-sizes=\"(max-width: 128px) 100vw, 128px\" src=\"data:image\/svg+xml;base64,PHN2ZyB3aWR0aD0iMSIgaGVpZ2h0PSIxIiB4bWxucz0iaHR0cDovL3d3dy53My5vcmcvMjAwMC9zdmciPjwvc3ZnPg==\" style=\"--smush-placeholder-width: 128px; --smush-placeholder-aspect-ratio: 128\/128;\">\n<\/div>\n<div class=\"ee-imagebox-content\">\n      <p class=\"ee-imagebox-title bde-h3\" >Give a gift<\/p>\n    \n      <div class=\"ee-imagebox-text\" >Your support is important in achieving our shared goal of creating positive change!<\/div>\n    \n              \n    \n    \n    \n    \n            \n                    \n            \n            \n\n    \n    \n    \n    \n    \n    <a class=\"breakdance-link button-atom button-atom--primary ee-imagebox-button\" href=\"https:\/\/kressurs.no\/en\/stott-oss\/\" target=\"_self\" data-type=\"url\"  >\n\n    \n        <span class=\"button-atom__text\">Find out more<\/span>\n\n        \n        \n                <\/a>\n\n    \n\n  <\/div>\n\n<\/div>\n<\/div><div class=\"bde-column-14-112 bde-column\">\n  \n  \n\t\n\n\n\n<div class=\"bde-image-box-14-115 bde-image-box\">\n<div class=\"ee-imagebox-image\">\n  <img decoding=\"async\" class=\"breakdance-image-object lazyload\" data-src=\"https:\/\/kressurs.no\/wp-content\/uploads\/2024\/06\/email.png\" width=\"128\" height=\"128\" data-srcset=\"https:\/\/kressurs.no\/wp-content\/uploads\/2024\/06\/email.png 128w, https:\/\/kressurs.no\/wp-content\/uploads\/2024\/06\/email-100x100.png 100w\" data-sizes=\"(max-width: 128px) 100vw, 128px\" src=\"data:image\/svg+xml;base64,PHN2ZyB3aWR0aD0iMSIgaGVpZ2h0PSIxIiB4bWxucz0iaHR0cDovL3d3dy53My5vcmcvMjAwMC9zdmciPjwvc3ZnPg==\" style=\"--smush-placeholder-width: 128px; --smush-placeholder-aspect-ratio: 128\/128;\">\n<\/div>\n<div class=\"ee-imagebox-content\">\n      <p class=\"ee-imagebox-title bde-h3\" >Newsletter<\/p>\n    \n      <div class=\"ee-imagebox-text\" >By subscribing to our newsletter you become a part of our information network.<\/div>\n    \n              \n    \n    \n    \n    \n            \n                    \n            \n                           \n                       \n                 \n\n    \n    \n    \n                    \n    \n    <a class=\"breakdance-link button-atom button-atom--primary ee-imagebox-button\" href=\"#\" target=\"_self\" data-type=\"action\"  data-action='{\"type\":\"popup\",\"popupOptions\":{\"popupId\":\"482\",\"popupAction\":\"open\"}}' >\n\n    \n        <span class=\"button-atom__text\">Subscribe now!<\/span>\n\n        \n        \n                <\/a>\n\n    \n\n  <\/div>\n\n<\/div>\n<\/div><div class=\"bde-column-14-113 bde-column\">\n  \n  \n\t\n\n\n\n<div class=\"bde-image-box-14-117 bde-image-box\">\n<div class=\"ee-imagebox-image\">\n  <img decoding=\"async\" class=\"breakdance-image-object lazyload\" data-src=\"https:\/\/kressurs.no\/wp-content\/uploads\/2024\/06\/team-1.png\" width=\"256\" height=\"256\" data-srcset=\"https:\/\/kressurs.no\/wp-content\/uploads\/2024\/06\/team-1.png 256w, https:\/\/kressurs.no\/wp-content\/uploads\/2024\/06\/team-1-150x150.png 150w, https:\/\/kressurs.no\/wp-content\/uploads\/2024\/06\/team-1-100x100.png 100w\" data-sizes=\"(max-width: 256px) 100vw, 256px\" src=\"data:image\/svg+xml;base64,PHN2ZyB3aWR0aD0iMSIgaGVpZ2h0PSIxIiB4bWxucz0iaHR0cDovL3d3dy53My5vcmcvMjAwMC9zdmciPjwvc3ZnPg==\" style=\"--smush-placeholder-width: 256px; --smush-placeholder-aspect-ratio: 256\/256;\">\n<\/div>\n<div class=\"ee-imagebox-content\">\n      <p class=\"ee-imagebox-title bde-h3\" >Become a member<\/p>\n    \n      <div class=\"ee-imagebox-text\" >Join Kristent Ressurssenter and support our work.<\/div>\n    \n              \n    \n    \n    \n    \n            \n                    \n            \n            \n\n    \n    \n    \n    \n    \n    <a class=\"breakdance-link button-atom button-atom--custom ee-imagebox-button\" href=\"https:\/\/kressurs.no\/en\/stott-oss-v2\/\" target=\"_self\" data-type=\"url\"  >\n\n    \n        <span class=\"button-atom__text\">Find out more<\/span>\n\n        \n        \n                <\/a>\n\n    \n\n  <\/div>\n\n<\/div>\n<\/div><\/div><\/div>\n<\/section><section class=\"bde-section-14-132 bde-section\">\n  \n  \n\t\n\n\n\n<div class=\"section-container\"><h1 class=\"bde-heading-14-173 bde-heading\">\nLatest news<br>\n<\/h1><div class=\"bde-post-list-14-133 bde-post-list\"><div class=\"bde-loop bde-loop-grid ee-posts ee-posts-grid\">    <article class=\"bde-loop-item ee-post\">\n                                <a class=\"bde-loop-item__image-link ee-post-image-link\" href=\"https:\/\/kressurs.no\/en\/tvungen-pride-i-skolen-dette-sier-lovverket\/\" tabindex=\"-1\">\n                <div class=\"bde-loop-item__image ee-post-image\">\n                    <img decoding=\"async\" width=\"2156\" height=\"1304\" data-src=\"https:\/\/kressurs.no\/wp-content\/uploads\/2026\/04\/stop-pride-bilde.png\" class=\"attachment-full size-full wp-post-image lazyload\" alt=\"Tvungen pride i skolen \u2013 dette sier lovverket\" data-srcset=\"https:\/\/kressurs.no\/wp-content\/uploads\/2026\/04\/stop-pride-bilde.png 2156w, https:\/\/kressurs.no\/wp-content\/uploads\/2026\/04\/stop-pride-bilde-300x181.png 300w, https:\/\/kressurs.no\/wp-content\/uploads\/2026\/04\/stop-pride-bilde-1024x619.png 1024w, https:\/\/kressurs.no\/wp-content\/uploads\/2026\/04\/stop-pride-bilde-768x465.png 768w, https:\/\/kressurs.no\/wp-content\/uploads\/2026\/04\/stop-pride-bilde-1536x929.png 1536w, https:\/\/kressurs.no\/wp-content\/uploads\/2026\/04\/stop-pride-bilde-2048x1239.png 2048w, https:\/\/kressurs.no\/wp-content\/uploads\/2026\/04\/stop-pride-bilde-18x12.png 18w, https:\/\/kressurs.no\/wp-content\/uploads\/2026\/04\/stop-pride-bilde-360x218.png 360w, https:\/\/kressurs.no\/wp-content\/uploads\/2026\/04\/stop-pride-bilde-1320x798.png 1320w, https:\/\/kressurs.no\/wp-content\/uploads\/2026\/04\/stop-pride-bilde-600x363.png 600w\" data-sizes=\"(max-width: 2156px) 100vw, 2156px\" src=\"data:image\/svg+xml;base64,PHN2ZyB3aWR0aD0iMSIgaGVpZ2h0PSIxIiB4bWxucz0iaHR0cDovL3d3dy53My5vcmcvMjAwMC9zdmciPjwvc3ZnPg==\" style=\"--smush-placeholder-width: 2156px; --smush-placeholder-aspect-ratio: 2156\/1304;\" \/>                <\/div>\n            <\/a>\n        \n        \n        <div class=\"bde-loop-item__wrap ee-post-wrap\">\n            \n                            <h3 class=\"ee-post-title\" >\n                    <a class=\"bde-loop-item__title-link ee-post-title-link\" href=\"https:\/\/kressurs.no\/en\/tvungen-pride-i-skolen-dette-sier-lovverket\/\"  tabindex=\"-1\">\n                        Pride in schools \u2013 what the law says                    <\/a>\n                <\/h3>\n                            <div class=\"bde-loop-item__post-meta ee-post-meta\">\n                                                                                <span class=\"bde-loop-item__meta-item bde-loop-item__meta-author ee-post-meta-author ee-post-meta-item\">Kristent Ressurssenter<\/span>\n                                                                                                                <span class=\"bde-loop-item__meta-date bde-loop-item__meta-item ee-post-meta-date ee-post-meta-item\">\n                                    20\/04\/2026                                <\/span>\n                                                                                                            <span class=\"bde-loop-item__comments bde-loop-item__meta-item ee-post-meta-comments ee-post-meta-item\">No Comments<\/span>\n                                                    \n                <\/div>\n                            <div class=\"bde-loop-item__content ee-post-content\">\n                    Many parents find that their children become part of pride celebrations at school \u2013 often without clear information, without real alternatives and with limited opportunity to make reservations. When\u2026                <\/div>\n            \n        \n    \n    \n    \n                            \n            \n                    \n            \n            \n\n    \n    \n    \n    \n                            \n    <a class=\"breakdance-link button-atom button-atom--secondary bde-loop-item__button ee-post-button\" href=\"https:\/\/kressurs.no\/en\/tvungen-pride-i-skolen-dette-sier-lovverket\/\" target=\"_self\" data-type=\"url\"  aria-label=\"Read more about Forced pride in school \u2013 this is what the law says\" >\n\n    \n        <span class=\"button-atom__text\">Read more<\/span>\n\n        \n        \n                <\/a>\n\n    \n\n\n\n\n            \n        <\/div>\n\n    <\/article>\n\n    <article class=\"bde-loop-item ee-post\">\n                                <a class=\"bde-loop-item__image-link ee-post-image-link\" href=\"https:\/\/kressurs.no\/en\/staten-bestiller-atferdsdesign-for-a-pavirke-synet-pa-kjonn\/\" tabindex=\"-1\">\n                <div class=\"bde-loop-item__image ee-post-image\">\n                    <img decoding=\"async\" width=\"1536\" height=\"1024\" data-src=\"https:\/\/kressurs.no\/wp-content\/uploads\/2026\/02\/ChatGPT-Image-26.-feb.-2026-13_40_17.png\" class=\"attachment-full size-full wp-post-image lazyload\" alt=\"Staten bestiller atferdsdesign for \u00e5 p\u00e5virke synet p\u00e5 kj\u00f8nn\" data-srcset=\"https:\/\/kressurs.no\/wp-content\/uploads\/2026\/02\/ChatGPT-Image-26.-feb.-2026-13_40_17.png 1536w, https:\/\/kressurs.no\/wp-content\/uploads\/2026\/02\/ChatGPT-Image-26.-feb.-2026-13_40_17-300x200.png 300w, https:\/\/kressurs.no\/wp-content\/uploads\/2026\/02\/ChatGPT-Image-26.-feb.-2026-13_40_17-1024x683.png 1024w, https:\/\/kressurs.no\/wp-content\/uploads\/2026\/02\/ChatGPT-Image-26.-feb.-2026-13_40_17-768x512.png 768w, https:\/\/kressurs.no\/wp-content\/uploads\/2026\/02\/ChatGPT-Image-26.-feb.-2026-13_40_17-18x12.png 18w, https:\/\/kressurs.no\/wp-content\/uploads\/2026\/02\/ChatGPT-Image-26.-feb.-2026-13_40_17-360x240.png 360w, https:\/\/kressurs.no\/wp-content\/uploads\/2026\/02\/ChatGPT-Image-26.-feb.-2026-13_40_17-1320x880.png 1320w, https:\/\/kressurs.no\/wp-content\/uploads\/2026\/02\/ChatGPT-Image-26.-feb.-2026-13_40_17-600x400.png 600w\" data-sizes=\"(max-width: 1536px) 100vw, 1536px\" src=\"data:image\/svg+xml;base64,PHN2ZyB3aWR0aD0iMSIgaGVpZ2h0PSIxIiB4bWxucz0iaHR0cDovL3d3dy53My5vcmcvMjAwMC9zdmciPjwvc3ZnPg==\" style=\"--smush-placeholder-width: 1536px; --smush-placeholder-aspect-ratio: 1536\/1024;\" \/>                <\/div>\n            <\/a>\n        \n        \n        <div class=\"bde-loop-item__wrap ee-post-wrap\">\n            \n                            <h3 class=\"ee-post-title\" >\n                    <a class=\"bde-loop-item__title-link ee-post-title-link\" href=\"https:\/\/kressurs.no\/en\/staten-bestiller-atferdsdesign-for-a-pavirke-synet-pa-kjonn\/\"  tabindex=\"-1\">\n                        The state commissions behavioral design to influence views on gender                    <\/a>\n                <\/h3>\n                            <div class=\"bde-loop-item__post-meta ee-post-meta\">\n                                                                                <span class=\"bde-loop-item__meta-item bde-loop-item__meta-author ee-post-meta-author ee-post-meta-item\">Kristent Ressurssenter<\/span>\n                                                                                                                <span class=\"bde-loop-item__meta-date bde-loop-item__meta-item ee-post-meta-date ee-post-meta-item\">\n                                    26\/02\/2026                                <\/span>\n                                                                                                            <span class=\"bde-loop-item__comments bde-loop-item__meta-item ee-post-meta-comments ee-post-meta-item\">No Comments<\/span>\n                                                    \n                <\/div>\n                            <div class=\"bde-loop-item__content ee-post-content\">\n                    It has recently emerged that Bufdir (the Norwegian Directorate for Children, Youth and Family Affairs) will spend several million kroner on a project in which behavioral design is one of the methods. The goal is to influence public\u2026                <\/div>\n            \n        \n    \n    \n    \n                            \n            \n                    \n            \n            \n\n    \n    \n    \n    \n                            \n    <a class=\"breakdance-link button-atom button-atom--secondary bde-loop-item__button ee-post-button\" href=\"https:\/\/kressurs.no\/en\/staten-bestiller-atferdsdesign-for-a-pavirke-synet-pa-kjonn\/\" target=\"_self\" data-type=\"url\"  aria-label=\"Read more about The state commissions behavioral design to influence views on gender\" >\n\n    \n        <span class=\"button-atom__text\">Read more<\/span>\n\n        \n        \n                <\/a>\n\n    \n\n\n\n\n            \n        <\/div>\n\n    <\/article>\n\n    <article class=\"bde-loop-item ee-post\">\n                                <a class=\"bde-loop-item__image-link ee-post-image-link\" href=\"https:\/\/kressurs.no\/en\/folkets-bonner-lofter-et-land\/\" tabindex=\"-1\">\n                <div class=\"bde-loop-item__image ee-post-image\">\n                    <img decoding=\"async\" width=\"1536\" height=\"1024\" data-src=\"https:\/\/kressurs.no\/wp-content\/uploads\/2026\/02\/Bonn-2.png\" class=\"attachment-full size-full wp-post-image lazyload\" alt=\"Folkets b\u00f8nner l\u00f8fter et land\" data-srcset=\"https:\/\/kressurs.no\/wp-content\/uploads\/2026\/02\/Bonn-2.png 1536w, https:\/\/kressurs.no\/wp-content\/uploads\/2026\/02\/Bonn-2-300x200.png 300w, https:\/\/kressurs.no\/wp-content\/uploads\/2026\/02\/Bonn-2-1024x683.png 1024w, https:\/\/kressurs.no\/wp-content\/uploads\/2026\/02\/Bonn-2-768x512.png 768w, https:\/\/kressurs.no\/wp-content\/uploads\/2026\/02\/Bonn-2-18x12.png 18w, https:\/\/kressurs.no\/wp-content\/uploads\/2026\/02\/Bonn-2-360x240.png 360w, https:\/\/kressurs.no\/wp-content\/uploads\/2026\/02\/Bonn-2-1320x880.png 1320w, https:\/\/kressurs.no\/wp-content\/uploads\/2026\/02\/Bonn-2-600x400.png 600w\" data-sizes=\"(max-width: 1536px) 100vw, 1536px\" src=\"data:image\/svg+xml;base64,PHN2ZyB3aWR0aD0iMSIgaGVpZ2h0PSIxIiB4bWxucz0iaHR0cDovL3d3dy53My5vcmcvMjAwMC9zdmciPjwvc3ZnPg==\" style=\"--smush-placeholder-width: 1536px; --smush-placeholder-aspect-ratio: 1536\/1024;\" \/>                <\/div>\n            <\/a>\n        \n        \n        <div class=\"bde-loop-item__wrap ee-post-wrap\">\n            \n                            <h3 class=\"ee-post-title\" >\n                    <a class=\"bde-loop-item__title-link ee-post-title-link\" href=\"https:\/\/kressurs.no\/en\/folkets-bonner-lofter-et-land\/\"  tabindex=\"-1\">\n                        The prayers of the people lift a country                    <\/a>\n                <\/h3>\n                            <div class=\"bde-loop-item__post-meta ee-post-meta\">\n                                                                                <span class=\"bde-loop-item__meta-item bde-loop-item__meta-author ee-post-meta-author ee-post-meta-item\">Tone Lise Gustavsen<\/span>\n                                                                                                                <span class=\"bde-loop-item__meta-date bde-loop-item__meta-item ee-post-meta-date ee-post-meta-item\">\n                                    20\/02\/2026                                <\/span>\n                                                                                                            <span class=\"bde-loop-item__comments bde-loop-item__meta-item ee-post-meta-comments ee-post-meta-item\">No Comments<\/span>\n                                                    \n                <\/div>\n                            <div class=\"bde-loop-item__content ee-post-content\">\n                    In a time like this, not praying is not an option. Our country is in great change and decline. The only thing that can pay for it is our prayers.\u2026                <\/div>\n            \n        \n    \n    \n    \n                            \n            \n                    \n            \n            \n\n    \n    \n    \n    \n                            \n    <a class=\"breakdance-link button-atom button-atom--secondary bde-loop-item__button ee-post-button\" href=\"https:\/\/kressurs.no\/en\/folkets-bonner-lofter-et-land\/\" target=\"_self\" data-type=\"url\"  aria-label=\"Read more about People&#039;s prayers lift a country\" >\n\n    \n        <span class=\"button-atom__text\">Read more<\/span>\n\n        \n        \n                <\/a>\n\n    \n\n\n\n\n            \n        <\/div>\n\n    <\/article>\n\n<\/div><\/div><div class=\"bde-button-14-172 bde-button\">\n        \n    \n    \n    \n    \n            \n                    \n            \n            \n\n    \n    \n    \n    \n    \n    <a class=\"breakdance-link button-atom button-atom--primary bde-button__button\" href=\"https:\/\/kressurs.no\/en\/aktuelt\/\" target=\"_self\" data-type=\"url\"  >\n\n    \n        <span class=\"button-atom__text\">SEE ALL NEWS<\/span>\n\n        \n        \n                <\/a>\n\n    \n\n\n<\/div><\/div>\n<\/section>","protected":false},"excerpt":{"rendered":"","protected":false},"author":1,"featured_media":0,"parent":0,"menu_order":0,"comment_status":"closed","ping_status":"closed","template":"","meta":{"_breakdance_hide_in_design_set":false,"_breakdance_tags":"","footnotes":""},"class_list":["post-14","page","type-page","status-publish","hentry"],"_links":{"self":[{"href":"https:\/\/kressurs.no\/en\/wp-json\/wp\/v2\/pages\/14","targetHints":{"allow":["GET"]}}],"collection":[{"href":"https:\/\/kressurs.no\/en\/wp-json\/wp\/v2\/pages"}],"about":[{"href":"https:\/\/kressurs.no\/en\/wp-json\/wp\/v2\/types\/page"}],"author":[{"embeddable":true,"href":"https:\/\/kressurs.no\/en\/wp-json\/wp\/v2\/users\/1"}],"replies":[{"embeddable":true,"href":"https:\/\/kressurs.no\/en\/wp-json\/wp\/v2\/comments?post=14"}],"version-history":[{"count":0,"href":"https:\/\/kressurs.no\/en\/wp-json\/wp\/v2\/pages\/14\/revisions"}],"wp:attachment":[{"href":"https:\/\/kressurs.no\/en\/wp-json\/wp\/v2\/media?parent=14"}],"curies":[{"name":"wp","href":"https:\/\/api.w.org\/{rel}","templated":true}]}}